{"id":61,"date":"2025-06-30T12:26:24","date_gmt":"2025-06-30T11:26:24","guid":{"rendered":"https:\/\/nyxhome.com\/tr\/?page_id=61"},"modified":"2026-01-18T16:02:04","modified_gmt":"2026-01-18T16:02:04","slug":"blog","status":"publish","type":"page","link":"https:\/\/nyxhome.com\/tr\/blog","title":{"rendered":"Blog"},"content":{"rendered":"\t\t<div data-elementor-type=\"wp-page\" data-elementor-id=\"61\" class=\"elementor elementor-61\" data-elementor-post-type=\"page\">\n\t\t\t\t<div class=\"elementor-element elementor-element-2eab660 e-flex e-con-boxed e-con e-parent\" data-id=\"2eab660\" data-element_type=\"container\" data-e-type=\"container\">\n\t\t\t\t\t<div class=\"e-con-inner\">\n\t\t\t\t<div class=\"elementor-element elementor-element-9e6c08f elementor-widget elementor-widget-shortcode\" data-id=\"9e6c08f\" data-element_type=\"widget\" data-e-type=\"widget\" data-widget_type=\"shortcode.default\">\n\t\t\t\t<div class=\"elementor-widget-container\">\n\t\t\t\t\t<nav class=\"breadcrumbs\"><a href=\"https:\/\/nyxhome.com\/tr\">Ana Sayfa<\/a> Blog<\/nav>\t\t<div class=\"elementor-shortcode\"><\/div>\n\t\t\t\t\t\t<\/div>\n\t\t\t\t<\/div>\n\t\t\t\t<div class=\"elementor-element elementor-element-b88c10e elementor-widget__width-initial elementor-widget elementor-widget-heading\" data-id=\"b88c10e\" data-element_type=\"widget\" data-e-type=\"widget\" data-widget_type=\"heading.default\">\n\t\t\t\t<div class=\"elementor-widget-container\">\n\t\t\t\t\t<h2 class=\"elementor-heading-title elementor-size-default\">Blog<\/h2>\t\t\t\t<\/div>\n\t\t\t\t<\/div>\n\t\t\t\t<div class=\"elementor-element elementor-element-3a8b0eb elementor-widget elementor-widget-text-editor\" data-id=\"3a8b0eb\" data-element_type=\"widget\" data-e-type=\"widget\" data-widget_type=\"text-editor.default\">\n\t\t\t\t<div class=\"elementor-widget-container\">\n\t\t\t\t\t\t\t\t\t<p>Dergi, i\u00e7g\u00f6r\u00fcn\u00fcn perspektifle bulu\u015ftu\u011fu yerdir. Burada, h\u0131zla de\u011fi\u015fen emlak piyasas\u0131nda sizi bilgilendirmek i\u00e7in tasarlanm\u0131\u015f piyasa g\u00fcncellemeleri, yat\u0131r\u0131m trendleri ve d\u00fc\u015f\u00fcnce liderli\u011fi bulacaks\u0131n\u0131z. Dubai emlak piyasas\u0131n\u0131n derinlemesine analizinden k\u00fcresel yat\u0131r\u0131m yorumlar\u0131na kadar, her makale Nyx Home&#8217;un sakin, d\u00fc\u015f\u00fcn\u00fclm\u00fc\u015f sesini yans\u0131t\u0131yor \u2013 ak\u0131ll\u0131, g\u00fcvenilir ve her zaman uzun vadeli de\u011fere odaklanm\u0131\u015f.<\/p>\t\t\t\t\t\t\t\t<\/div>\n\t\t\t\t<\/div>\n\t\t\t\t<div class=\"elementor-element elementor-element-0bb969e journal-cards elementor-grid-3 elementor-grid-tablet-2 elementor-grid-mobile-1 elementor-posts--thumbnail-top elementor-posts__hover-gradient elementor-widget elementor-widget-posts\" data-id=\"0bb969e\" data-element_type=\"widget\" data-e-type=\"widget\" data-settings=\"{&quot;cards_row_gap&quot;:{&quot;unit&quot;:&quot;px&quot;,&quot;size&quot;:20,&quot;sizes&quot;:[]},&quot;pagination_type&quot;:&quot;numbers&quot;,&quot;cards_columns&quot;:&quot;3&quot;,&quot;cards_columns_tablet&quot;:&quot;2&quot;,&quot;cards_columns_mobile&quot;:&quot;1&quot;,&quot;cards_row_gap_tablet&quot;:{&quot;unit&quot;:&quot;px&quot;,&quot;size&quot;:&quot;&quot;,&quot;sizes&quot;:[]},&quot;cards_row_gap_mobile&quot;:{&quot;unit&quot;:&quot;px&quot;,&quot;size&quot;:&quot;&quot;,&quot;sizes&quot;:[]}}\" data-widget_type=\"posts.cards\">\n\t\t\t\t<div class=\"elementor-widget-container\">\n\t\t\t\t\t\t\t<div class=\"elementor-posts-container elementor-posts elementor-posts--skin-cards elementor-grid\" role=\"list\">\n\t\t\t\t<article class=\"elementor-post elementor-grid-item post-4469 post type-post status-publish format-standard has-post-thumbnail hentry category-dubai-gayrimenkul\" role=\"listitem\">\n\t\t\t<div class=\"elementor-post__card\">\n\t\t\t\t<a class=\"elementor-post__thumbnail__link\" href=\"https:\/\/nyxhome.com\/tr\/dubai-gayrimenkul-sektorunde-amortisman-sureleri-ve-roi\" tabindex=\"-1\" ><div class=\"elementor-post__thumbnail\"><img fetchpriority=\"high\" decoding=\"async\" width=\"1024\" height=\"600\" src=\"https:\/\/nyxhome.com\/tr\/wp-content\/uploads\/2026\/03\/dubai-gayrimenkul-sektorunde-amortisman-sureleri-ve-roi.jpg\" class=\"attachment-full size-full wp-image-4470\" alt=\"dubai gayrimenkul sekt\u00f6r\u00fcnde amortisman s\u00fcreleri ve roi\" srcset=\"https:\/\/nyxhome.com\/tr\/wp-content\/uploads\/2026\/03\/dubai-gayrimenkul-sektorunde-amortisman-sureleri-ve-roi.jpg 1024w, https:\/\/nyxhome.com\/tr\/wp-content\/uploads\/2026\/03\/dubai-gayrimenkul-sektorunde-amortisman-sureleri-ve-roi-300x176.jpg 300w, https:\/\/nyxhome.com\/tr\/wp-content\/uploads\/2026\/03\/dubai-gayrimenkul-sektorunde-amortisman-sureleri-ve-roi-768x450.jpg 768w\" sizes=\"(max-width: 1024px) 100vw, 1024px\" \/><\/div><\/a>\n\t\t\t\t<div class=\"elementor-post__text\">\n\t\t\t\t<div class=\"elementor-post__title\">\n\t\t\t<a href=\"https:\/\/nyxhome.com\/tr\/dubai-gayrimenkul-sektorunde-amortisman-sureleri-ve-roi\" >\n\t\t\t\tDubai Gayrimenkul Sekt\u00f6r\u00fcnde Amortisman S\u00fcreleri ve ROI\t\t\t<\/a>\n\t\t<\/div>\n\t\t\t\t<div class=\"elementor-post__excerpt\">\n\t\t\t<p>Dubai Gayrimenkul Sekt\u00f6r\u00fcnde Amortisman S\u00fcreleri ve ROI Dubai son yirmi<\/p>\n\t\t<\/div>\n\t\t\n\t\t<a class=\"elementor-post__read-more\" href=\"https:\/\/nyxhome.com\/tr\/dubai-gayrimenkul-sektorunde-amortisman-sureleri-ve-roi\" aria-label=\"Read more about Dubai Gayrimenkul Sekt\u00f6r\u00fcnde Amortisman S\u00fcreleri ve ROI\" tabindex=\"-1\" >\n\t\t\tDevam\u0131n\u0131 Oku \u00bb\t\t<\/a>\n\n\t\t\t\t<\/div>\n\t\t\t\t\t<\/div>\n\t\t<\/article>\n\t\t\t\t<article class=\"elementor-post elementor-grid-item post-4451 post type-post status-publish format-standard has-post-thumbnail hentry category-dubai-gayrimenkul\" role=\"listitem\">\n\t\t\t<div class=\"elementor-post__card\">\n\t\t\t\t<a class=\"elementor-post__thumbnail__link\" href=\"https:\/\/nyxhome.com\/tr\/dubai-gayrimenkul-yatirimi-neden-ve-nasil-yapilir\" tabindex=\"-1\" ><div class=\"elementor-post__thumbnail\"><img decoding=\"async\" width=\"1024\" height=\"600\" src=\"https:\/\/nyxhome.com\/tr\/wp-content\/uploads\/2026\/02\/dubai-emlak-yatirimi-nasil-yapilir.jpg\" class=\"attachment-full size-full wp-image-4453\" alt=\"dubai emlak yat\u0131r\u0131m\u0131 nas\u0131l yap\u0131l\u0131r\" srcset=\"https:\/\/nyxhome.com\/tr\/wp-content\/uploads\/2026\/02\/dubai-emlak-yatirimi-nasil-yapilir.jpg 1024w, https:\/\/nyxhome.com\/tr\/wp-content\/uploads\/2026\/02\/dubai-emlak-yatirimi-nasil-yapilir-300x176.jpg 300w, https:\/\/nyxhome.com\/tr\/wp-content\/uploads\/2026\/02\/dubai-emlak-yatirimi-nasil-yapilir-768x450.jpg 768w\" sizes=\"(max-width: 1024px) 100vw, 1024px\" \/><\/div><\/a>\n\t\t\t\t<div class=\"elementor-post__text\">\n\t\t\t\t<div class=\"elementor-post__title\">\n\t\t\t<a href=\"https:\/\/nyxhome.com\/tr\/dubai-gayrimenkul-yatirimi-neden-ve-nasil-yapilir\" >\n\t\t\t\tDubai Gayrimenkul Yat\u0131r\u0131m\u0131 Neden ve Nas\u0131l Yap\u0131l\u0131r?\t\t\t<\/a>\n\t\t<\/div>\n\t\t\t\t<div class=\"elementor-post__excerpt\">\n\t\t\t<p>Dubai Gayrimenkul Yat\u0131r\u0131m\u0131 Neden ve Nas\u0131l Yap\u0131l\u0131r? Birle\u015fik Arap Emirlikleri&#8217;nin<\/p>\n\t\t<\/div>\n\t\t\n\t\t<a class=\"elementor-post__read-more\" href=\"https:\/\/nyxhome.com\/tr\/dubai-gayrimenkul-yatirimi-neden-ve-nasil-yapilir\" aria-label=\"Read more about Dubai Gayrimenkul Yat\u0131r\u0131m\u0131 Neden ve Nas\u0131l Yap\u0131l\u0131r?\" tabindex=\"-1\" >\n\t\t\tDevam\u0131n\u0131 Oku \u00bb\t\t<\/a>\n\n\t\t\t\t<\/div>\n\t\t\t\t\t<\/div>\n\t\t<\/article>\n\t\t\t\t<article class=\"elementor-post elementor-grid-item post-4438 post type-post status-publish format-standard has-post-thumbnail hentry category-dubai-gayrimenkul\" role=\"listitem\">\n\t\t\t<div class=\"elementor-post__card\">\n\t\t\t\t<a class=\"elementor-post__thumbnail__link\" href=\"https:\/\/nyxhome.com\/tr\/dubai-emlak-piyasasi-guncel-fiyatlar-ve-yasam-maliyetleri\" tabindex=\"-1\" ><div class=\"elementor-post__thumbnail\"><img decoding=\"async\" width=\"1024\" height=\"600\" src=\"https:\/\/nyxhome.com\/tr\/wp-content\/uploads\/2026\/02\/dubai-emlak-piyasasi-guncel-fiyatlar.jpg\" class=\"attachment-full size-full wp-image-4440\" alt=\"dubai emlak piyasas\u0131 g\u00fcncel fiyatlar\" srcset=\"https:\/\/nyxhome.com\/tr\/wp-content\/uploads\/2026\/02\/dubai-emlak-piyasasi-guncel-fiyatlar.jpg 1024w, https:\/\/nyxhome.com\/tr\/wp-content\/uploads\/2026\/02\/dubai-emlak-piyasasi-guncel-fiyatlar-300x176.jpg 300w, https:\/\/nyxhome.com\/tr\/wp-content\/uploads\/2026\/02\/dubai-emlak-piyasasi-guncel-fiyatlar-768x450.jpg 768w\" sizes=\"(max-width: 1024px) 100vw, 1024px\" \/><\/div><\/a>\n\t\t\t\t<div class=\"elementor-post__text\">\n\t\t\t\t<div class=\"elementor-post__title\">\n\t\t\t<a href=\"https:\/\/nyxhome.com\/tr\/dubai-emlak-piyasasi-guncel-fiyatlar-ve-yasam-maliyetleri\" >\n\t\t\t\tDubai Emlak Piyasas\u0131 G\u00fcncel Fiyatlar ve Ya\u015fam Maliyetleri\t\t\t<\/a>\n\t\t<\/div>\n\t\t\t\t<div class=\"elementor-post__excerpt\">\n\t\t\t<p>Dubai Emlak Piyasas\u0131 G\u00fcncel Fiyatlar ve Ya\u015fam Maliyetleri Birle\u015fik Arap<\/p>\n\t\t<\/div>\n\t\t\n\t\t<a class=\"elementor-post__read-more\" href=\"https:\/\/nyxhome.com\/tr\/dubai-emlak-piyasasi-guncel-fiyatlar-ve-yasam-maliyetleri\" aria-label=\"Read more about Dubai Emlak Piyasas\u0131 G\u00fcncel Fiyatlar ve Ya\u015fam Maliyetleri\" tabindex=\"-1\" >\n\t\t\tDevam\u0131n\u0131 Oku \u00bb\t\t<\/a>\n\n\t\t\t\t<\/div>\n\t\t\t\t\t<\/div>\n\t\t<\/article>\n\t\t\t\t<article class=\"elementor-post elementor-grid-item post-4395 post type-post status-publish format-standard has-post-thumbnail hentry category-dubai-gayrimenkul\" role=\"listitem\">\n\t\t\t<div class=\"elementor-post__card\">\n\t\t\t\t<a class=\"elementor-post__thumbnail__link\" href=\"https:\/\/nyxhome.com\/tr\/dubai-oturum-izni-golden-visa-rehberi\" tabindex=\"-1\" ><div class=\"elementor-post__thumbnail\"><img loading=\"lazy\" decoding=\"async\" width=\"1024\" height=\"600\" src=\"https:\/\/nyxhome.com\/tr\/wp-content\/uploads\/2026\/01\/dubai-oturum-izni-golden-visa.jpg\" class=\"attachment-full size-full wp-image-4397\" alt=\"dubai oturum izni\" srcset=\"https:\/\/nyxhome.com\/tr\/wp-content\/uploads\/2026\/01\/dubai-oturum-izni-golden-visa.jpg 1024w, https:\/\/nyxhome.com\/tr\/wp-content\/uploads\/2026\/01\/dubai-oturum-izni-golden-visa-300x176.jpg 300w, https:\/\/nyxhome.com\/tr\/wp-content\/uploads\/2026\/01\/dubai-oturum-izni-golden-visa-768x450.jpg 768w\" sizes=\"(max-width: 1024px) 100vw, 1024px\" \/><\/div><\/a>\n\t\t\t\t<div class=\"elementor-post__text\">\n\t\t\t\t<div class=\"elementor-post__title\">\n\t\t\t<a href=\"https:\/\/nyxhome.com\/tr\/dubai-oturum-izni-golden-visa-rehberi\" >\n\t\t\t\tDubai Oturum \u0130zni (Golden Visa) 2026 Rehberi\t\t\t<\/a>\n\t\t<\/div>\n\t\t\t\t<div class=\"elementor-post__excerpt\">\n\t\t\t<p>Dubai Oturum \u0130zni (Golden Visa) Nas\u0131l Al\u0131n\u0131r? Dubai Oturum \u0130zni<\/p>\n\t\t<\/div>\n\t\t\n\t\t<a class=\"elementor-post__read-more\" href=\"https:\/\/nyxhome.com\/tr\/dubai-oturum-izni-golden-visa-rehberi\" aria-label=\"Read more about Dubai Oturum \u0130zni (Golden Visa) 2026 Rehberi\" tabindex=\"-1\" >\n\t\t\tDevam\u0131n\u0131 Oku \u00bb\t\t<\/a>\n\n\t\t\t\t<\/div>\n\t\t\t\t\t<\/div>\n\t\t<\/article>\n\t\t\t\t<article class=\"elementor-post elementor-grid-item post-4378 post type-post status-publish format-standard has-post-thumbnail hentry category-dubai-gayrimenkul\" role=\"listitem\">\n\t\t\t<div class=\"elementor-post__card\">\n\t\t\t\t<a class=\"elementor-post__thumbnail__link\" href=\"https:\/\/nyxhome.com\/tr\/dubai-emlak-fiyatlari\" tabindex=\"-1\" ><div class=\"elementor-post__thumbnail\"><img loading=\"lazy\" decoding=\"async\" width=\"1024\" height=\"600\" src=\"https:\/\/nyxhome.com\/tr\/wp-content\/uploads\/2026\/01\/dubai-emlak-fiyatlari.jpg\" class=\"attachment-full size-full wp-image-4380\" alt=\"dubai emlak fiyatlar\u0131\" srcset=\"https:\/\/nyxhome.com\/tr\/wp-content\/uploads\/2026\/01\/dubai-emlak-fiyatlari.jpg 1024w, https:\/\/nyxhome.com\/tr\/wp-content\/uploads\/2026\/01\/dubai-emlak-fiyatlari-300x176.jpg 300w, https:\/\/nyxhome.com\/tr\/wp-content\/uploads\/2026\/01\/dubai-emlak-fiyatlari-768x450.jpg 768w\" sizes=\"(max-width: 1024px) 100vw, 1024px\" \/><\/div><\/a>\n\t\t\t\t<div class=\"elementor-post__text\">\n\t\t\t\t<div class=\"elementor-post__title\">\n\t\t\t<a href=\"https:\/\/nyxhome.com\/tr\/dubai-emlak-fiyatlari\" >\n\t\t\t\tDubai Emlak Fiyatlar\u0131 2026\t\t\t<\/a>\n\t\t<\/div>\n\t\t\t\t<div class=\"elementor-post__excerpt\">\n\t\t\t<p>Dubai Emlak Fiyatlar\u0131 2026 Dubai Emlak Fiyatlar\u0131 2026, \u00f6zellikle son<\/p>\n\t\t<\/div>\n\t\t\n\t\t<a class=\"elementor-post__read-more\" href=\"https:\/\/nyxhome.com\/tr\/dubai-emlak-fiyatlari\" aria-label=\"Read more about Dubai Emlak Fiyatlar\u0131 2026\" tabindex=\"-1\" >\n\t\t\tDevam\u0131n\u0131 Oku \u00bb\t\t<\/a>\n\n\t\t\t\t<\/div>\n\t\t\t\t\t<\/div>\n\t\t<\/article>\n\t\t\t\t<article class=\"elementor-post elementor-grid-item post-4359 post type-post status-publish format-standard has-post-thumbnail hentry category-dubai-gayrimenkul\" role=\"listitem\">\n\t\t\t<div class=\"elementor-post__card\">\n\t\t\t\t<a class=\"elementor-post__thumbnail__link\" href=\"https:\/\/nyxhome.com\/tr\/dubai-gayrimenkul-projeleri-projeden-vs-hazir-daire\" tabindex=\"-1\" ><div class=\"elementor-post__thumbnail\"><img loading=\"lazy\" decoding=\"async\" width=\"1024\" height=\"600\" src=\"https:\/\/nyxhome.com\/tr\/wp-content\/uploads\/2026\/01\/dubai-gayrimenkul-projeleri-projeden-vs-hazir-daire.jpg\" class=\"attachment-full size-full wp-image-4360\" alt=\"dubai gayrimenkul proejeleri projeden vs haz\u0131r daire\" srcset=\"https:\/\/nyxhome.com\/tr\/wp-content\/uploads\/2026\/01\/dubai-gayrimenkul-projeleri-projeden-vs-hazir-daire.jpg 1024w, https:\/\/nyxhome.com\/tr\/wp-content\/uploads\/2026\/01\/dubai-gayrimenkul-projeleri-projeden-vs-hazir-daire-300x176.jpg 300w, https:\/\/nyxhome.com\/tr\/wp-content\/uploads\/2026\/01\/dubai-gayrimenkul-projeleri-projeden-vs-hazir-daire-768x450.jpg 768w\" sizes=\"(max-width: 1024px) 100vw, 1024px\" \/><\/div><\/a>\n\t\t\t\t<div class=\"elementor-post__text\">\n\t\t\t\t<div class=\"elementor-post__title\">\n\t\t\t<a href=\"https:\/\/nyxhome.com\/tr\/dubai-gayrimenkul-projeleri-projeden-vs-hazir-daire\" >\n\t\t\t\tDubai Gayrimenkul Projeleri Projeden vs Haz\u0131r Daire\t\t\t<\/a>\n\t\t<\/div>\n\t\t\t\t<div class=\"elementor-post__excerpt\">\n\t\t\t<p>Dubai Gayrimenkul Projeleri Projeden vs Haz\u0131r Daire Birle\u015fik Arap Emirlikleri&#8217;nin<\/p>\n\t\t<\/div>\n\t\t\n\t\t<a class=\"elementor-post__read-more\" href=\"https:\/\/nyxhome.com\/tr\/dubai-gayrimenkul-projeleri-projeden-vs-hazir-daire\" aria-label=\"Read more about Dubai Gayrimenkul Projeleri Projeden vs Haz\u0131r Daire\" tabindex=\"-1\" >\n\t\t\tDevam\u0131n\u0131 Oku \u00bb\t\t<\/a>\n\n\t\t\t\t<\/div>\n\t\t\t\t\t<\/div>\n\t\t<\/article>\n\t\t\t\t<\/div>\n\t\t\n\t\t\t\t<div class=\"e-load-more-anchor\" data-page=\"1\" data-max-page=\"2\" data-next-page=\"https:\/\/nyxhome.com\/tr\/wp-json\/wp\/v2\/pages\/61\/page\/2\"><\/div>\n\t\t\t\t<nav class=\"elementor-pagination\" aria-label=\"Pagination\">\n\t\t\t<span aria-current=\"page\" class=\"page-numbers current\"><span class=\"elementor-screen-only\">Sayfa<\/span>1<\/span>\n<a class=\"page-numbers\" href=\"https:\/\/nyxhome.com\/tr\/wp-json\/wp\/v2\/pages\/61\/page\/2\"><span class=\"elementor-screen-only\">Sayfa<\/span>2<\/a>\t\t<\/nav>\n\t\t\t\t\t\t<\/div>\n\t\t\t\t<\/div>\n\t\t\t\t\t<\/div>\n\t\t\t\t<\/div>\n\t\t\t\t<\/div>\n\t\t","protected":false},"excerpt":{"rendered":"<p>Blog Dergi, i\u00e7g\u00f6r\u00fcn\u00fcn perspektifle bulu\u015ftu\u011fu yerdir. Burada, h\u0131zla de\u011fi\u015fen emlak piyasas\u0131nda sizi bilgilendirmek i\u00e7in tasarlanm\u0131\u015f piyasa g\u00fcncellemeleri, yat\u0131r\u0131m trendleri ve d\u00fc\u015f\u00fcnce liderli\u011fi bulacaks\u0131n\u0131z. Dubai emlak piyasas\u0131n\u0131n derinlemesine analizinden k\u00fcresel yat\u0131r\u0131m yorumlar\u0131na kadar, her makale Nyx Home&#8217;un sakin, d\u00fc\u015f\u00fcn\u00fclm\u00fc\u015f sesini yans\u0131t\u0131yor \u2013 ak\u0131ll\u0131, g\u00fcvenilir ve her zaman uzun vadeli de\u011fere odaklanm\u0131\u015f.<\/p>\n","protected":false},"author":1,"featured_media":0,"parent":0,"menu_order":0,"comment_status":"closed","ping_status":"closed","template":"","meta":{"footnotes":""},"class_list":["post-61","page","type-page","status-publish","hentry"],"yoast_head":"<!-- This site is optimized with the Yoast SEO plugin v27.4 - https:\/\/yoast.com\/product\/yoast-seo-wordpress\/ -->\n<title>Blog | NYX Home Gayrimenkul Dubai<\/title>\n<meta name=\"description\" content=\"Blog Dergi, i\u00e7g\u00f6r\u00fcn\u00fcn perspektifle bulu\u015ftu\u011fu yerdir. Burada, h\u0131zla de\u011fi\u015fen emlak piyasas\u0131nda sizi bilgilendirmek i\u00e7in tasarlanm\u0131\u015f piyasa g\u00fcncellemeleri,\" \/>\n<meta name=\"robots\" content=\"index, follow, max-snippet:-1, max-image-preview:large, max-video-preview:-1\" \/>\n<link rel=\"canonical\" href=\"https:\/\/nyxhome.com\/tr\/blog\" \/>\n<meta property=\"og:locale\" content=\"tr_TR\" \/>\n<meta property=\"og:type\" content=\"article\" \/>\n<meta property=\"og:title\" content=\"Blog | NYX Home Gayrimenkul Dubai\" \/>\n<meta property=\"og:description\" content=\"Blog Dergi, i\u00e7g\u00f6r\u00fcn\u00fcn perspektifle bulu\u015ftu\u011fu yerdir. Burada, h\u0131zla de\u011fi\u015fen emlak piyasas\u0131nda sizi bilgilendirmek i\u00e7in tasarlanm\u0131\u015f piyasa g\u00fcncellemeleri,\" \/>\n<meta property=\"og:url\" content=\"https:\/\/nyxhome.com\/tr\/blog\" \/>\n<meta property=\"og:site_name\" content=\"NYX Home Gayrimenkul Dubai\" \/>\n<meta property=\"article:modified_time\" content=\"2026-01-18T16:02:04+00:00\" \/>\n<meta name=\"twitter:card\" content=\"summary_large_image\" \/>\n<meta name=\"twitter:label1\" content=\"Tahmini okuma s\u00fcresi\" \/>\n\t<meta name=\"twitter:data1\" content=\"6 dakika\" \/>\n<script type=\"application\/ld+json\" class=\"yoast-schema-graph\">{\"@context\":\"https:\\\/\\\/schema.org\",\"@graph\":[{\"@type\":\"WebPage\",\"@id\":\"https:\\\/\\\/nyxhome.com\\\/tr\\\/blog\",\"url\":\"https:\\\/\\\/nyxhome.com\\\/tr\\\/blog\",\"name\":\"Blog | NYX Home Gayrimenkul Dubai\",\"isPartOf\":{\"@id\":\"https:\\\/\\\/nyxhome.com\\\/tr\\\/#website\"},\"datePublished\":\"2025-06-30T11:26:24+00:00\",\"dateModified\":\"2026-01-18T16:02:04+00:00\",\"description\":\"Blog Dergi, i\u00e7g\u00f6r\u00fcn\u00fcn perspektifle bulu\u015ftu\u011fu yerdir. Burada, h\u0131zla de\u011fi\u015fen emlak piyasas\u0131nda sizi bilgilendirmek i\u00e7in tasarlanm\u0131\u015f piyasa g\u00fcncellemeleri,\",\"breadcrumb\":{\"@id\":\"https:\\\/\\\/nyxhome.com\\\/tr\\\/blog#breadcrumb\"},\"inLanguage\":\"tr\",\"potentialAction\":[{\"@type\":\"ReadAction\",\"target\":[\"https:\\\/\\\/nyxhome.com\\\/tr\\\/blog\"]}]},{\"@type\":\"BreadcrumbList\",\"@id\":\"https:\\\/\\\/nyxhome.com\\\/tr\\\/blog#breadcrumb\",\"itemListElement\":[{\"@type\":\"ListItem\",\"position\":1,\"name\":\"Anasayfa\",\"item\":\"https:\\\/\\\/nyxhome.com\\\/tr\\\/\"},{\"@type\":\"ListItem\",\"position\":2,\"name\":\"Blog\"}]},{\"@type\":\"WebSite\",\"@id\":\"https:\\\/\\\/nyxhome.com\\\/tr\\\/#website\",\"url\":\"https:\\\/\\\/nyxhome.com\\\/tr\\\/\",\"name\":\"NYX Home Gayrimenkul Dubai\",\"description\":\"\",\"publisher\":{\"@id\":\"https:\\\/\\\/nyxhome.com\\\/tr\\\/#organization\"},\"potentialAction\":[{\"@type\":\"SearchAction\",\"target\":{\"@type\":\"EntryPoint\",\"urlTemplate\":\"https:\\\/\\\/nyxhome.com\\\/tr\\\/?s={search_term_string}\"},\"query-input\":{\"@type\":\"PropertyValueSpecification\",\"valueRequired\":true,\"valueName\":\"search_term_string\"}}],\"inLanguage\":\"tr\"},{\"@type\":\"Organization\",\"@id\":\"https:\\\/\\\/nyxhome.com\\\/tr\\\/#organization\",\"name\":\"NYX Home Gayrimenkul Dubai\",\"url\":\"https:\\\/\\\/nyxhome.com\\\/tr\\\/\",\"logo\":{\"@type\":\"ImageObject\",\"inLanguage\":\"tr\",\"@id\":\"https:\\\/\\\/nyxhome.com\\\/tr\\\/#\\\/schema\\\/logo\\\/image\\\/\",\"url\":\"https:\\\/\\\/nyxhome.com\\\/tr\\\/wp-content\\\/uploads\\\/2025\\\/06\\\/nyx-logo-1.webp\",\"contentUrl\":\"https:\\\/\\\/nyxhome.com\\\/tr\\\/wp-content\\\/uploads\\\/2025\\\/06\\\/nyx-logo-1.webp\",\"width\":884,\"height\":428,\"caption\":\"NYX Home Gayrimenkul Dubai\"},\"image\":{\"@id\":\"https:\\\/\\\/nyxhome.com\\\/tr\\\/#\\\/schema\\\/logo\\\/image\\\/\"}}]}<\/script>\n<!-- \/ Yoast SEO plugin. -->","yoast_head_json":{"title":"Blog | NYX Home Gayrimenkul Dubai","description":"Blog Dergi, i\u00e7g\u00f6r\u00fcn\u00fcn perspektifle bulu\u015ftu\u011fu yerdir. Burada, h\u0131zla de\u011fi\u015fen emlak piyasas\u0131nda sizi bilgilendirmek i\u00e7in tasarlanm\u0131\u015f piyasa g\u00fcncellemeleri,","robots":{"index":"index","follow":"follow","max-snippet":"max-snippet:-1","max-image-preview":"max-image-preview:large","max-video-preview":"max-video-preview:-1"},"canonical":"https:\/\/nyxhome.com\/tr\/blog","og_locale":"tr_TR","og_type":"article","og_title":"Blog | NYX Home Gayrimenkul Dubai","og_description":"Blog Dergi, i\u00e7g\u00f6r\u00fcn\u00fcn perspektifle bulu\u015ftu\u011fu yerdir. Burada, h\u0131zla de\u011fi\u015fen emlak piyasas\u0131nda sizi bilgilendirmek i\u00e7in tasarlanm\u0131\u015f piyasa g\u00fcncellemeleri,","og_url":"https:\/\/nyxhome.com\/tr\/blog","og_site_name":"NYX Home Gayrimenkul Dubai","article_modified_time":"2026-01-18T16:02:04+00:00","twitter_card":"summary_large_image","twitter_misc":{"Tahmini okuma s\u00fcresi":"6 dakika"},"schema":{"@context":"https:\/\/schema.org","@graph":[{"@type":"WebPage","@id":"https:\/\/nyxhome.com\/tr\/blog","url":"https:\/\/nyxhome.com\/tr\/blog","name":"Blog | NYX Home Gayrimenkul Dubai","isPartOf":{"@id":"https:\/\/nyxhome.com\/tr\/#website"},"datePublished":"2025-06-30T11:26:24+00:00","dateModified":"2026-01-18T16:02:04+00:00","description":"Blog Dergi, i\u00e7g\u00f6r\u00fcn\u00fcn perspektifle bulu\u015ftu\u011fu yerdir. Burada, h\u0131zla de\u011fi\u015fen emlak piyasas\u0131nda sizi bilgilendirmek i\u00e7in tasarlanm\u0131\u015f piyasa g\u00fcncellemeleri,","breadcrumb":{"@id":"https:\/\/nyxhome.com\/tr\/blog#breadcrumb"},"inLanguage":"tr","potentialAction":[{"@type":"ReadAction","target":["https:\/\/nyxhome.com\/tr\/blog"]}]},{"@type":"BreadcrumbList","@id":"https:\/\/nyxhome.com\/tr\/blog#breadcrumb","itemListElement":[{"@type":"ListItem","position":1,"name":"Anasayfa","item":"https:\/\/nyxhome.com\/tr\/"},{"@type":"ListItem","position":2,"name":"Blog"}]},{"@type":"WebSite","@id":"https:\/\/nyxhome.com\/tr\/#website","url":"https:\/\/nyxhome.com\/tr\/","name":"NYX Home Gayrimenkul Dubai","description":"","publisher":{"@id":"https:\/\/nyxhome.com\/tr\/#organization"},"potentialAction":[{"@type":"SearchAction","target":{"@type":"EntryPoint","urlTemplate":"https:\/\/nyxhome.com\/tr\/?s={search_term_string}"},"query-input":{"@type":"PropertyValueSpecification","valueRequired":true,"valueName":"search_term_string"}}],"inLanguage":"tr"},{"@type":"Organization","@id":"https:\/\/nyxhome.com\/tr\/#organization","name":"NYX Home Gayrimenkul Dubai","url":"https:\/\/nyxhome.com\/tr\/","logo":{"@type":"ImageObject","inLanguage":"tr","@id":"https:\/\/nyxhome.com\/tr\/#\/schema\/logo\/image\/","url":"https:\/\/nyxhome.com\/tr\/wp-content\/uploads\/2025\/06\/nyx-logo-1.webp","contentUrl":"https:\/\/nyxhome.com\/tr\/wp-content\/uploads\/2025\/06\/nyx-logo-1.webp","width":884,"height":428,"caption":"NYX Home Gayrimenkul Dubai"},"image":{"@id":"https:\/\/nyxhome.com\/tr\/#\/schema\/logo\/image\/"}}]}},"_links":{"self":[{"href":"https:\/\/nyxhome.com\/tr\/wp-json\/wp\/v2\/pages\/61","targetHints":{"allow":["GET"]}}],"collection":[{"href":"https:\/\/nyxhome.com\/tr\/wp-json\/wp\/v2\/pages"}],"about":[{"href":"https:\/\/nyxhome.com\/tr\/wp-json\/wp\/v2\/types\/page"}],"author":[{"embeddable":true,"href":"https:\/\/nyxhome.com\/tr\/wp-json\/wp\/v2\/users\/1"}],"replies":[{"embeddable":true,"href":"https:\/\/nyxhome.com\/tr\/wp-json\/wp\/v2\/comments?post=61"}],"version-history":[{"count":13,"href":"https:\/\/nyxhome.com\/tr\/wp-json\/wp\/v2\/pages\/61\/revisions"}],"predecessor-version":[{"id":4377,"href":"https:\/\/nyxhome.com\/tr\/wp-json\/wp\/v2\/pages\/61\/revisions\/4377"}],"wp:attachment":[{"href":"https:\/\/nyxhome.com\/tr\/wp-json\/wp\/v2\/media?parent=61"}],"curies":[{"name":"wp","href":"https:\/\/api.w.org\/{rel}","templated":true}]}}