{"id":4404,"date":"2026-02-07T13:08:35","date_gmt":"2026-02-07T13:08:35","guid":{"rendered":"https:\/\/nyxhome.com\/tr\/?page_id=4404"},"modified":"2026-02-07T13:10:09","modified_gmt":"2026-02-07T13:10:09","slug":"mortgage-hesaplayici","status":"publish","type":"page","link":"https:\/\/nyxhome.com\/tr\/mortgage-hesaplayici","title":{"rendered":"Mortgage Hesaplayici"},"content":{"rendered":"\t\t<div data-elementor-type=\"wp-page\" data-elementor-id=\"4404\" class=\"elementor elementor-4404\" data-elementor-post-type=\"page\">\n\t\t\t\t<div class=\"elementor-element elementor-element-09b67f4 e-flex e-con-boxed e-con e-parent\" data-id=\"09b67f4\" data-element_type=\"container\" data-e-type=\"container\">\n\t\t\t\t\t<div class=\"e-con-inner\">\n\t\t<div class=\"elementor-element elementor-element-e7bd5fa e-con-full e-flex e-con e-child\" data-id=\"e7bd5fa\" data-element_type=\"container\" data-e-type=\"container\">\n\t\t\t\t<div class=\"elementor-element elementor-element-5f7c7f6 elementor-widget elementor-widget-shortcode\" data-id=\"5f7c7f6\" data-element_type=\"widget\" data-e-type=\"widget\" data-widget_type=\"shortcode.default\">\n\t\t\t\t<div class=\"elementor-widget-container\">\n\t\t\t\t\t<nav class=\"breadcrumbs\"><a href=\"https:\/\/nyxhome.com\/tr\">Ana Sayfa<\/a> Mortgage Hesaplayici<\/nav>\t\t<div class=\"elementor-shortcode\"><\/div>\n\t\t\t\t\t\t<\/div>\n\t\t\t\t<\/div>\n\t\t<div class=\"elementor-element elementor-element-072ce97 e-con-full e-flex e-con e-child\" data-id=\"072ce97\" data-element_type=\"container\" data-e-type=\"container\">\n\t\t\t\t<div class=\"elementor-element elementor-element-f840d74 elementor-widget__width-initial elementor-widget elementor-widget-heading\" data-id=\"f840d74\" data-element_type=\"widget\" data-e-type=\"widget\" data-widget_type=\"heading.default\">\n\t\t\t\t<div class=\"elementor-widget-container\">\n\t\t\t\t\t<h2 class=\"elementor-heading-title elementor-size-default\">Mortgage Hesaplay\u0131c\u0131<\/h2>\t\t\t\t<\/div>\n\t\t\t\t<\/div>\n\t\t\t\t<\/div>\n\t\t\t\t<div class=\"elementor-element elementor-element-67c63b4 elementor-widget elementor-widget-text-editor\" data-id=\"67c63b4\" data-element_type=\"widget\" data-e-type=\"widget\" data-widget_type=\"text-editor.default\">\n\t\t\t\t<div class=\"elementor-widget-container\">\n\t\t\t\t\t\t\t\t\t<p>Yat\u0131r\u0131m\u0131n\u0131z\u0131 net bir \u015fekilde planlay\u0131n. Ayl\u0131k \u00f6demeleri tahmin etmek, farkl\u0131 senaryolar\u0131 kar\u015f\u0131la\u015ft\u0131rmak ve de\u011fi\u015fen vade, faiz oran\u0131 ve pe\u015finatlar\u0131n gayrimenkul finansman\u0131n\u0131z\u0131 nas\u0131l etkiledi\u011fini anlamak i\u00e7in mortgage hesaplay\u0131c\u0131m\u0131z\u0131 kullan\u0131n. Bu ara\u00e7, \u00f6deme kapasitenizi net bir \u015fekilde g\u00f6rmenizi sa\u011flayarak bir sonraki yat\u0131r\u0131m\u0131n\u0131za ba\u015flamadan \u00f6nce g\u00fcvenle ve bilin\u00e7li kararlar alman\u0131za yard\u0131mc\u0131 olur.<\/p>\t\t\t\t\t\t\t\t<\/div>\n\t\t\t\t<\/div>\n\t\t<div class=\"elementor-element elementor-element-44623a0 e-con-full e-flex e-con e-child\" data-id=\"44623a0\" data-element_type=\"container\" data-e-type=\"container\">\n\t\t<div class=\"elementor-element elementor-element-79bf152 e-con-full e-flex e-con e-child\" data-id=\"79bf152\" data-element_type=\"container\" data-e-type=\"container\">\n\t\t\t\t<div class=\"elementor-element elementor-element-5fea3b5 elementor-widget elementor-widget-shortcode\" data-id=\"5fea3b5\" data-element_type=\"widget\" data-e-type=\"widget\" data-widget_type=\"shortcode.default\">\n\t\t\t\t<div class=\"elementor-widget-container\">\n\t\t\t\t\t\n\t<div class=\"calculator-main\">\n\t\t<div class=\"calculator-fields\">\n        <div class=\"calculator-result\">\n\t\t\t<div class=\"output\">\n\t\t\t\t<span id=\"monthlyRepayment\">AED 0<\/span>\n\t\t\t\t<p>ayl\u0131k<\/p>\n\t\t\t<\/div>\n\n\t\t\t<div class=\"total-loan\">\n\t\t\t\t<span id=\"totalLoan\">AED 0<\/span>\n\t\t\t\t<p>Toplam Kredi Tutar\u0131<\/p>\n\t\t\t<\/div>\n\t\t<\/div>\n\t\t\t<div class=\"fieldset pp-field\">\n\t\t\t\t<label for=\"purchasePrice\">Sat\u0131n Alma Fiyat\u0131 (AED)<\/label>\n\t\t\t\t<div class=\"slider-container\">\n\t\t\t\t\t<input type=\"text\" id=\"purchasePrice\" value=\"500,000\" oninput=\"formatNumber('purchasePrice')\" \/>\n\t\t\t\t\t<input type=\"range\" id=\"purchasePriceSlider\" min=\"200000\" max=\"100000000\" step=\"100\" value=\"500000\" oninput=\"updatePriceFromSlider()\" \/> \n\t\t\t\t<\/div>\n\t\t\t\t<!-- \t<div class=\"toolkit-values\">\n<span>AED 200,000<\/span>\n<span>AED 35,000,000<\/span>\n<\/div> -->\n\t\t\t<\/div>\n\n\t\t\t<div class=\"fieldset dp-field\">\n\t\t\t\t<label for=\"downPayment\">Pe\u015finat (AED)<\/label>\n\t\t\t\t<div class=\"slider-container\">\n\t\t\t\t\t<input type=\"text\" id=\"downPayment\" value=\"200,000\" oninput=\"formatNumber('downPayment')\" \/>\n\t\t\t\t\t<input type=\"range\" id=\"downPaymentSlider\" min=\"\" max=\"\" step=\"5000\" value=\"\" oninput=\"updateDownPaymentFromSlider()\" \/>\n\t\t\t\t\t<span class=\"downPaymentPercentage\"><\/span>\n\t\t\t\t<\/div>\n\t\t\t\t<!-- \t<div class=\"toolkit-values\">\n<span>AED 100,000<\/span>\n<span class=\"downChange\">AED 120,000<\/span>\n<\/div> -->\n\t\t\t<\/div>\n\n\t\t\t<div class=\"fieldset ld-field\">\n\t\t\t\t<label for=\"loanDuration\">Kredi Vadesi (y\u0131l)<\/label>\n\t\t\t\t<div class=\"slider-container\">\n\t\t\t\t\t<input type=\"text\" id=\"loanDuration\" value=\"25\" oninput=\"formatNumber('loanDuration')\" \/>\n\t\t\t\t\t<input type=\"range\" id=\"loanDurationSlider\" min=\"1\" max=\"30\" step=\"1\" value=\"25\" oninput=\"updateLoanDurationFromSlider()\" \/>\n\t\t\t\t<\/div>\n\t\t\t\t<!-- \t<div class=\"toolkit-values\">\n<span>1 Year<\/span>\n<span>30 Years<\/span>\n<\/div> -->\n\t\t\t<\/div>\n\n\t\t\t<div class=\"fieldset ir-field\">\n\t\t\t\t<label for=\"interestRate\">Faiz Oran\u0131(%)<\/label>\n\t\t\t\t<div class=\"slider-container\">\n\t\t\t\t\t<input type=\"text\" id=\"interestRate\" value=\"3.89\" oninput=\"formatNumber('interestRate')\" \/>\n\t\t\t\t\t<input type=\"range\" id=\"interestRateSlider\" min=\"1\" max=\"20\" step=\"0.1\" value=\"3.89\" oninput=\"updateInterestRateFromSlider()\" \/>\n\t\t\t\t<\/div>\n\t\t\t\t<!-- \t<div class=\"toolkit-values\">\n<span>1%<\/span>\n<span>20%<\/span>\n<\/div> -->\n\t\t\t<\/div>\n\t\t<\/div>\n\t<\/div>\n\n\n\t<script>\n\t\tjQuery('.slider-container input[type=\"text\"]').on('input',function(){\n\t\t\tvar textVal = parseFloat(jQuery(this).val().replace(\/,\/g, '')).toFixed(0); \n\t\t\tjQuery(this).closest('.slider-container').find('input[type=\"range\"]').val(textVal);\n\t\t})\n\n\t\t\/\/ Format the number with commas\n\t\tfunction formatNumber(fieldId) {\n\t\t\tlet input = document.getElementById(fieldId);\n\t\t\tlet value = input.value.replace(\/[^0-9.]\/g, ''); \/\/ Remove non-numeric characters\n\t\t\tvalue = value.replace(\/\\B(?=(\\d{3})+(?!\\d))\/g, \",\"); \/\/ Add commas\n\n\t\t\t\/\/ Update the value with formatted number\n\t\t\tinput.value = value;\n\n\t\t\t\/\/ Call the update down payment function if purchase price is updated\n\t\t\tupdateDownPayment();\n\t\t}\n\n\t\t\/\/ Function to update purchase price from slider and format\n\t\tfunction updatePriceFromSlider() {\n\t\t\tconst purchasePriceSlider = document.getElementById('purchasePriceSlider');\n\t\t\tconst purchasePriceValue = document.getElementById('purchasePriceValue');\n\t\t\tconst purchasePrice = parseInt(purchasePriceSlider.value);\n\n\n\t\t\tdocument.getElementById('purchasePrice').value = formatCurrency(purchasePrice);\n\n\t\t\tupdateDownPayment(); \/\/ Update downpayment when purchase price changes\n\t\t\tconsole.log('1');\n\t\t}\n\n\t\t\/\/ Function to update down payment from slider and format\n\t\tfunction updateDownPaymentFromSlider() {\n\t\t\tconst downPaymentSlider = document.getElementById('downPaymentSlider');\n\t\t\tconst downPaymentValue = document.getElementById('downPaymentValue');\n\t\t\tconst downPayment = parseInt(downPaymentSlider.value);\n\t\t\tconst purchasePrice = parseFloat(document.getElementById('purchasePrice').value.replace(\/[^0-9.]\/g, ''));\n\n\t\t\tvar downPercentage = downPayment \/ purchasePrice * 100;\n\t\t\tvar downPercentageFixed = downPercentage.toFixed(1);\n\t\t\tjQuery('.downPaymentPercentage').text(downPercentageFixed + '%');\n\t\t\tdocument.getElementById('downPayment').value = formatCurrency(downPayment);\n\n\t\t\tcalculateMonthlyRepayment(); \/\/ Recalculate monthly repayment\n\t\t}\n\n\t\t\/\/ Function to update loan duration from slider and format\n\t\tfunction updateLoanDurationFromSlider() {\n\t\t\tconst loanDurationSlider = document.getElementById('loanDurationSlider');\n\t\t\tconst loanDurationValue = document.getElementById('loanDurationValue');\n\t\t\tconst loanDuration = parseInt(loanDurationSlider.value);\n\n\n\t\t\tdocument.getElementById('loanDuration').value = loanDuration;\n\n\t\t\tcalculateMonthlyRepayment(); \/\/ Recalculate monthly repayment\n\t\t\tconsole.log('3');\n\t\t}\n\n\t\t\/\/ Function to update interest rate from slider and format\n\t\tfunction updateInterestRateFromSlider() {\n\t\t\tconst interestRateSlider = document.getElementById('interestRateSlider');\n\t\t\tconst interestRateValue = document.getElementById('interestRateValue');\n\t\t\tconst interestRate = parseFloat(interestRateSlider.value);\n\n\t\t\tdocument.getElementById('interestRate').value = interestRate;\n\n\t\t\tcalculateMonthlyRepayment(); \/\/ Recalculate monthly repayment\n\t\t\tconsole.log('4');\n\t\t}\n\n\t\t\/\/ Function to update down payment based on purchase price\n\t\tfunction updateDownPayment() {\n\t\t\tconst purchasePrice = parseFloat(document.getElementById('purchasePrice').value.replace(\/[^0-9.]\/g, ''));\n\n\t\t\tif (!isNaN(purchasePrice)) {\n\t\t\t\tlet downPayment = purchasePrice * 0.2; \/\/ Default down payment is 20%\n\n\t\t\t\t\/\/ If the purchase price exceeds 5,000,000, set down payment to 30%\n\t\t\t\tif (purchasePrice > 5000000) {\n\t\t\t\t\tdownPayment = purchasePrice * 0.3;\n\t\t\t\t}\n\t\t\t\tvar downPercentage = downPayment \/ purchasePrice * 100;\n\t\t\t\t\/\/ Set the minimum and maximum values for down payment\n\t\t\t\tconst minDownPayment = purchasePrice * 0.2;\n\t\t\t\tconst maxDownPayment = purchasePrice * 0.8;\n\n\t\t\t\t\/\/ Ensure the down payment is within the valid range\n\t\t\t\tdownPayment = Math.max(minDownPayment, Math.min(downPayment, maxDownPayment));\n\n\t\t\t\t\/\/ Set the down payment field and slider\n\t\t\t\tdocument.getElementById('downPayment').value = formatCurrency(downPayment);\n\t\t\t\tdocument.getElementById('downPaymentSlider').value = downPayment;\n\n\t\t\t\tjQuery('.downPaymentPercentage').text(downPercentage + '%');\n\t\t\t\tjQuery('#downPaymentSlider').attr('min',minDownPayment);\n\t\t\t\tjQuery('#downPaymentSlider').attr('max',maxDownPayment);\n\t\t\t\tjQuery('.downChange').text('AED ' + formatCurrency(maxDownPayment));\n\t\t\t\tcalculateMonthlyRepayment(); \/\/ Recalculate monthly repayment\n\t\t\t}\n\t\t\tconsole.log('2');\n\t\t}\n\n\t\t\/\/ Calculate monthly repayment based on input values\n\t\tfunction calculateMonthlyRepayment() {\n\t\t\tconst purchasePrice = parseFloat(document.getElementById('purchasePrice').value.replace(\/[^0-9.]\/g, ''));\n\t\t\tconst downPayment = parseFloat(document.getElementById('downPayment').value.replace(\/[^0-9.]\/g, ''));\n\t\t\tconst loanDuration = parseInt(document.getElementById('loanDuration').value.replace(\/\\D\/g, ''));\n\t\t\tconst interestRate = parseFloat(document.getElementById('interestRate').value);\n\n\t\t\tif (!isNaN(purchasePrice) && !isNaN(downPayment) && !isNaN(loanDuration) && !isNaN(interestRate)) {\n\t\t\t\tconst loanAmount = purchasePrice - downPayment;\n\t\t\t\tconst monthlyInterestRate = (interestRate \/ 100) \/ 12;\n\t\t\t\tconst totalMonths = loanDuration * 12;\n\n\t\t\t\t\/\/ Amortized loan formula\n\t\t\t\tconst factor = Math.pow(1 + monthlyInterestRate, totalMonths);\n\t\t\t\tconst monthlyRepayment = (loanAmount * monthlyInterestRate * factor) \/ (factor - 1);\n\n\t\t\t\tdocument.getElementById('monthlyRepayment').textContent = 'AED ' + formatCurrency(Number(monthlyRepayment.toFixed(2)));\n\t\t\t\tdocument.getElementById('totalLoan').textContent = 'AED ' + formatCurrency(Number(loanAmount.toFixed(2)));\n\n\t\t\t\tconsole.log('loan amount: ' + loanAmount);\n\t\t\t\tconsole.log('monthlyInterestRate: ' + monthlyInterestRate);\n\t\t\t\tconsole.log('totalMonths: ' + totalMonths);\n\t\t\t\tconsole.log('monthlyRepayment: ' + monthlyRepayment);\n\t\t\t}\n\t\t}\n\n\n\t\t\/\/ Format value to currency with commas\n\t\tfunction formatCurrency(amount) {\n\t\t\treturn amount.toLocaleString('en-US', {\n\t\t\t\tstyle: 'decimal',\n\t\t\t\tmaximumFractionDigits: 0\n\t\t\t});\n\t\t}\n\n\t\t\/\/ Initialize the page with default values\n\t\tupdatePriceFromSlider();\n\t\tupdateDownPayment();\n\t\tupdateLoanDurationFromSlider();\n\t\tupdateInterestRateFromSlider();\n\t<\/script>\n\n\n\t\t\t<div class=\"elementor-shortcode\"><\/div>\n\t\t\t\t\t\t<\/div>\n\t\t\t\t<\/div>\n\t\t\t\t<\/div>\n\t\t<div class=\"elementor-element elementor-element-8be0f4a e-con-full e-flex e-con e-child\" data-id=\"8be0f4a\" data-element_type=\"container\" data-e-type=\"container\" data-settings=\"{&quot;background_background&quot;:&quot;classic&quot;}\">\n\t\t\t\t<\/div>\n\t\t\t\t<\/div>\n\t\t\t\t<\/div>\n\t\t\t\t\t<\/div>\n\t\t\t\t<\/div>\n\t\t\t\t<\/div>\n\t\t","protected":false},"excerpt":{"rendered":"<p>Mortgage Hesaplay\u0131c\u0131 Yat\u0131r\u0131m\u0131n\u0131z\u0131 net bir \u015fekilde planlay\u0131n. Ayl\u0131k \u00f6demeleri tahmin etmek, farkl\u0131 senaryolar\u0131 kar\u015f\u0131la\u015ft\u0131rmak ve de\u011fi\u015fen vade, faiz oran\u0131 ve pe\u015finatlar\u0131n gayrimenkul finansman\u0131n\u0131z\u0131 nas\u0131l etkiledi\u011fini anlamak i\u00e7in mortgage hesaplay\u0131c\u0131m\u0131z\u0131 kullan\u0131n. Bu ara\u00e7, \u00f6deme kapasitenizi net bir \u015fekilde g\u00f6rmenizi sa\u011flayarak bir sonraki yat\u0131r\u0131m\u0131n\u0131za ba\u015flamadan \u00f6nce g\u00fcvenle ve bilin\u00e7li kararlar alman\u0131za yard\u0131mc\u0131 olur.<\/p>\n","protected":false},"author":2,"featured_media":0,"parent":0,"menu_order":0,"comment_status":"closed","ping_status":"closed","template":"elementor_header_footer","meta":{"footnotes":""},"class_list":["post-4404","page","type-page","status-publish","hentry"],"yoast_head":"<!-- This site is optimized with the Yoast SEO plugin v27.4 - https:\/\/yoast.com\/product\/yoast-seo-wordpress\/ -->\n<title>Mortgage Hesaplayici | NYX Home Gayrimenkul Dubai<\/title>\n<meta name=\"description\" content=\"Mortgage Hesaplay\u0131c\u0131 Yat\u0131r\u0131m\u0131n\u0131z\u0131 net bir \u015fekilde planlay\u0131n. Ayl\u0131k \u00f6demeleri tahmin etmek, farkl\u0131 senaryolar\u0131 kar\u015f\u0131la\u015ft\u0131rmak ve de\u011fi\u015fen vade, faiz oran\u0131\" \/>\n<meta name=\"robots\" content=\"index, follow, max-snippet:-1, max-image-preview:large, max-video-preview:-1\" \/>\n<link rel=\"canonical\" href=\"https:\/\/nyxhome.com\/tr\/mortgage-hesaplayici\" \/>\n<meta property=\"og:locale\" content=\"tr_TR\" \/>\n<meta property=\"og:type\" content=\"article\" \/>\n<meta property=\"og:title\" content=\"Mortgage Hesaplayici | NYX Home Gayrimenkul Dubai\" \/>\n<meta property=\"og:description\" content=\"Mortgage Hesaplay\u0131c\u0131 Yat\u0131r\u0131m\u0131n\u0131z\u0131 net bir \u015fekilde planlay\u0131n. Ayl\u0131k \u00f6demeleri tahmin etmek, farkl\u0131 senaryolar\u0131 kar\u015f\u0131la\u015ft\u0131rmak ve de\u011fi\u015fen vade, faiz oran\u0131\" \/>\n<meta property=\"og:url\" content=\"https:\/\/nyxhome.com\/tr\/mortgage-hesaplayici\" \/>\n<meta property=\"og:site_name\" content=\"NYX Home Gayrimenkul Dubai\" \/>\n<meta property=\"article:modified_time\" content=\"2026-02-07T13:10:09+00:00\" \/>\n<meta name=\"twitter:card\" content=\"summary_large_image\" \/>\n<meta name=\"twitter:label1\" content=\"Tahmini okuma s\u00fcresi\" \/>\n\t<meta name=\"twitter:data1\" content=\"1 dakika\" \/>\n<script type=\"application\/ld+json\" class=\"yoast-schema-graph\">{\"@context\":\"https:\\\/\\\/schema.org\",\"@graph\":[{\"@type\":\"WebPage\",\"@id\":\"https:\\\/\\\/nyxhome.com\\\/tr\\\/mortgage-hesaplayici\",\"url\":\"https:\\\/\\\/nyxhome.com\\\/tr\\\/mortgage-hesaplayici\",\"name\":\"Mortgage Hesaplayici | NYX Home Gayrimenkul Dubai\",\"isPartOf\":{\"@id\":\"https:\\\/\\\/nyxhome.com\\\/tr\\\/#website\"},\"datePublished\":\"2026-02-07T13:08:35+00:00\",\"dateModified\":\"2026-02-07T13:10:09+00:00\",\"description\":\"Mortgage Hesaplay\u0131c\u0131 Yat\u0131r\u0131m\u0131n\u0131z\u0131 net bir \u015fekilde planlay\u0131n. Ayl\u0131k \u00f6demeleri tahmin etmek, farkl\u0131 senaryolar\u0131 kar\u015f\u0131la\u015ft\u0131rmak ve de\u011fi\u015fen vade, faiz oran\u0131\",\"breadcrumb\":{\"@id\":\"https:\\\/\\\/nyxhome.com\\\/tr\\\/mortgage-hesaplayici#breadcrumb\"},\"inLanguage\":\"tr\",\"potentialAction\":[{\"@type\":\"ReadAction\",\"target\":[\"https:\\\/\\\/nyxhome.com\\\/tr\\\/mortgage-hesaplayici\"]}]},{\"@type\":\"BreadcrumbList\",\"@id\":\"https:\\\/\\\/nyxhome.com\\\/tr\\\/mortgage-hesaplayici#breadcrumb\",\"itemListElement\":[{\"@type\":\"ListItem\",\"position\":1,\"name\":\"Anasayfa\",\"item\":\"https:\\\/\\\/nyxhome.com\\\/tr\\\/\"},{\"@type\":\"ListItem\",\"position\":2,\"name\":\"Mortgage Hesaplayici\"}]},{\"@type\":\"WebSite\",\"@id\":\"https:\\\/\\\/nyxhome.com\\\/tr\\\/#website\",\"url\":\"https:\\\/\\\/nyxhome.com\\\/tr\\\/\",\"name\":\"NYX Home Gayrimenkul Dubai\",\"description\":\"\",\"publisher\":{\"@id\":\"https:\\\/\\\/nyxhome.com\\\/tr\\\/#organization\"},\"potentialAction\":[{\"@type\":\"SearchAction\",\"target\":{\"@type\":\"EntryPoint\",\"urlTemplate\":\"https:\\\/\\\/nyxhome.com\\\/tr\\\/?s={search_term_string}\"},\"query-input\":{\"@type\":\"PropertyValueSpecification\",\"valueRequired\":true,\"valueName\":\"search_term_string\"}}],\"inLanguage\":\"tr\"},{\"@type\":\"Organization\",\"@id\":\"https:\\\/\\\/nyxhome.com\\\/tr\\\/#organization\",\"name\":\"NYX Home Gayrimenkul Dubai\",\"url\":\"https:\\\/\\\/nyxhome.com\\\/tr\\\/\",\"logo\":{\"@type\":\"ImageObject\",\"inLanguage\":\"tr\",\"@id\":\"https:\\\/\\\/nyxhome.com\\\/tr\\\/#\\\/schema\\\/logo\\\/image\\\/\",\"url\":\"https:\\\/\\\/nyxhome.com\\\/tr\\\/wp-content\\\/uploads\\\/2025\\\/06\\\/nyx-logo-1.webp\",\"contentUrl\":\"https:\\\/\\\/nyxhome.com\\\/tr\\\/wp-content\\\/uploads\\\/2025\\\/06\\\/nyx-logo-1.webp\",\"width\":884,\"height\":428,\"caption\":\"NYX Home Gayrimenkul Dubai\"},\"image\":{\"@id\":\"https:\\\/\\\/nyxhome.com\\\/tr\\\/#\\\/schema\\\/logo\\\/image\\\/\"}}]}<\/script>\n<!-- \/ Yoast SEO plugin. -->","yoast_head_json":{"title":"Mortgage Hesaplayici | NYX Home Gayrimenkul Dubai","description":"Mortgage Hesaplay\u0131c\u0131 Yat\u0131r\u0131m\u0131n\u0131z\u0131 net bir \u015fekilde planlay\u0131n. Ayl\u0131k \u00f6demeleri tahmin etmek, farkl\u0131 senaryolar\u0131 kar\u015f\u0131la\u015ft\u0131rmak ve de\u011fi\u015fen vade, faiz oran\u0131","robots":{"index":"index","follow":"follow","max-snippet":"max-snippet:-1","max-image-preview":"max-image-preview:large","max-video-preview":"max-video-preview:-1"},"canonical":"https:\/\/nyxhome.com\/tr\/mortgage-hesaplayici","og_locale":"tr_TR","og_type":"article","og_title":"Mortgage Hesaplayici | NYX Home Gayrimenkul Dubai","og_description":"Mortgage Hesaplay\u0131c\u0131 Yat\u0131r\u0131m\u0131n\u0131z\u0131 net bir \u015fekilde planlay\u0131n. Ayl\u0131k \u00f6demeleri tahmin etmek, farkl\u0131 senaryolar\u0131 kar\u015f\u0131la\u015ft\u0131rmak ve de\u011fi\u015fen vade, faiz oran\u0131","og_url":"https:\/\/nyxhome.com\/tr\/mortgage-hesaplayici","og_site_name":"NYX Home Gayrimenkul Dubai","article_modified_time":"2026-02-07T13:10:09+00:00","twitter_card":"summary_large_image","twitter_misc":{"Tahmini okuma s\u00fcresi":"1 dakika"},"schema":{"@context":"https:\/\/schema.org","@graph":[{"@type":"WebPage","@id":"https:\/\/nyxhome.com\/tr\/mortgage-hesaplayici","url":"https:\/\/nyxhome.com\/tr\/mortgage-hesaplayici","name":"Mortgage Hesaplayici | NYX Home Gayrimenkul Dubai","isPartOf":{"@id":"https:\/\/nyxhome.com\/tr\/#website"},"datePublished":"2026-02-07T13:08:35+00:00","dateModified":"2026-02-07T13:10:09+00:00","description":"Mortgage Hesaplay\u0131c\u0131 Yat\u0131r\u0131m\u0131n\u0131z\u0131 net bir \u015fekilde planlay\u0131n. Ayl\u0131k \u00f6demeleri tahmin etmek, farkl\u0131 senaryolar\u0131 kar\u015f\u0131la\u015ft\u0131rmak ve de\u011fi\u015fen vade, faiz oran\u0131","breadcrumb":{"@id":"https:\/\/nyxhome.com\/tr\/mortgage-hesaplayici#breadcrumb"},"inLanguage":"tr","potentialAction":[{"@type":"ReadAction","target":["https:\/\/nyxhome.com\/tr\/mortgage-hesaplayici"]}]},{"@type":"BreadcrumbList","@id":"https:\/\/nyxhome.com\/tr\/mortgage-hesaplayici#breadcrumb","itemListElement":[{"@type":"ListItem","position":1,"name":"Anasayfa","item":"https:\/\/nyxhome.com\/tr\/"},{"@type":"ListItem","position":2,"name":"Mortgage Hesaplayici"}]},{"@type":"WebSite","@id":"https:\/\/nyxhome.com\/tr\/#website","url":"https:\/\/nyxhome.com\/tr\/","name":"NYX Home Gayrimenkul Dubai","description":"","publisher":{"@id":"https:\/\/nyxhome.com\/tr\/#organization"},"potentialAction":[{"@type":"SearchAction","target":{"@type":"EntryPoint","urlTemplate":"https:\/\/nyxhome.com\/tr\/?s={search_term_string}"},"query-input":{"@type":"PropertyValueSpecification","valueRequired":true,"valueName":"search_term_string"}}],"inLanguage":"tr"},{"@type":"Organization","@id":"https:\/\/nyxhome.com\/tr\/#organization","name":"NYX Home Gayrimenkul Dubai","url":"https:\/\/nyxhome.com\/tr\/","logo":{"@type":"ImageObject","inLanguage":"tr","@id":"https:\/\/nyxhome.com\/tr\/#\/schema\/logo\/image\/","url":"https:\/\/nyxhome.com\/tr\/wp-content\/uploads\/2025\/06\/nyx-logo-1.webp","contentUrl":"https:\/\/nyxhome.com\/tr\/wp-content\/uploads\/2025\/06\/nyx-logo-1.webp","width":884,"height":428,"caption":"NYX Home Gayrimenkul Dubai"},"image":{"@id":"https:\/\/nyxhome.com\/tr\/#\/schema\/logo\/image\/"}}]}},"_links":{"self":[{"href":"https:\/\/nyxhome.com\/tr\/wp-json\/wp\/v2\/pages\/4404","targetHints":{"allow":["GET"]}}],"collection":[{"href":"https:\/\/nyxhome.com\/tr\/wp-json\/wp\/v2\/pages"}],"about":[{"href":"https:\/\/nyxhome.com\/tr\/wp-json\/wp\/v2\/types\/page"}],"author":[{"embeddable":true,"href":"https:\/\/nyxhome.com\/tr\/wp-json\/wp\/v2\/users\/2"}],"replies":[{"embeddable":true,"href":"https:\/\/nyxhome.com\/tr\/wp-json\/wp\/v2\/comments?post=4404"}],"version-history":[{"count":2,"href":"https:\/\/nyxhome.com\/tr\/wp-json\/wp\/v2\/pages\/4404\/revisions"}],"predecessor-version":[{"id":4410,"href":"https:\/\/nyxhome.com\/tr\/wp-json\/wp\/v2\/pages\/4404\/revisions\/4410"}],"wp:attachment":[{"href":"https:\/\/nyxhome.com\/tr\/wp-json\/wp\/v2\/media?parent=4404"}],"curies":[{"name":"wp","href":"https:\/\/api.w.org\/{rel}","templated":true}]}}