{"id":3583,"date":"2025-09-01T11:17:04","date_gmt":"2025-09-01T10:17:04","guid":{"rendered":"https:\/\/nyxhome.com\/tr\/?page_id=3583"},"modified":"2025-12-07T20:02:00","modified_gmt":"2025-12-07T20:02:00","slug":"cerez-politikasi","status":"publish","type":"page","link":"https:\/\/nyxhome.com\/tr\/cerez-politikasi","title":{"rendered":"\u00c7erez Politikas\u0131"},"content":{"rendered":"\t\t<div data-elementor-type=\"wp-page\" data-elementor-id=\"3583\" class=\"elementor elementor-3583\" data-elementor-post-type=\"page\">\n\t\t\t\t<div class=\"elementor-element elementor-element-eb10307 e-flex e-con-boxed e-con e-parent\" data-id=\"eb10307\" data-element_type=\"container\" data-e-type=\"container\">\n\t\t\t\t\t<div class=\"e-con-inner\">\n\t\t<div class=\"elementor-element elementor-element-7da0137 e-con-full e-flex e-con e-child\" data-id=\"7da0137\" data-element_type=\"container\" data-e-type=\"container\">\n\t\t\t\t<div class=\"elementor-element elementor-element-ed818ef elementor-widget elementor-widget-shortcode\" data-id=\"ed818ef\" data-element_type=\"widget\" data-e-type=\"widget\" data-widget_type=\"shortcode.default\">\n\t\t\t\t<div class=\"elementor-widget-container\">\n\t\t\t\t\t<nav class=\"breadcrumbs\"><a href=\"https:\/\/nyxhome.com\/tr\">Ana Sayfa<\/a> \u00c7erez Politikas\u0131<\/nav>\t\t<div class=\"elementor-shortcode\"><\/div>\n\t\t\t\t\t\t<\/div>\n\t\t\t\t<\/div>\n\t\t<div class=\"elementor-element elementor-element-04491b2 e-con-full e-flex e-con e-child\" data-id=\"04491b2\" data-element_type=\"container\" data-e-type=\"container\">\n\t\t\t\t<div class=\"elementor-element elementor-element-a7fa249 elementor-widget__width-initial elementor-widget elementor-widget-heading\" data-id=\"a7fa249\" data-element_type=\"widget\" data-e-type=\"widget\" data-widget_type=\"heading.default\">\n\t\t\t\t<div class=\"elementor-widget-container\">\n\t\t\t\t\t<h2 class=\"elementor-heading-title elementor-size-default\">Cookie Policy<\/h2>\t\t\t\t<\/div>\n\t\t\t\t<\/div>\n\t\t\t\t<\/div>\n\t\t\t\t<div class=\"elementor-element elementor-element-c24a30c policy-content elementor-widget elementor-widget-text-editor\" data-id=\"c24a30c\" data-element_type=\"widget\" data-e-type=\"widget\" data-widget_type=\"text-editor.default\">\n\t\t\t\t<div class=\"elementor-widget-container\">\n\t\t\t\t\t\t\t\t\t<p data-start=\"0\" data-end=\"26\">Son G\u00fcncelleme: 1-9-2025<\/p><p data-start=\"28\" data-end=\"173\">Nyx Home, kullan\u0131c\u0131 deneyimini iyile\u015ftirmek amac\u0131yla Birle\u015fik Arap Emirlikleri veri koruma standartlar\u0131na uygun olarak \u00e7erezler kullanmaktad\u0131r.<\/p><ol data-start=\"175\" data-end=\"192\"><li data-start=\"175\" data-end=\"192\"><p data-start=\"178\" data-end=\"192\">\u00c7erez Nedir?<\/p><\/li><\/ol><p data-start=\"194\" data-end=\"321\">\u00c7erezler, tarama deneyimini geli\u015ftirmek ve web sitesi performans\u0131n\u0131 analiz etmek i\u00e7in cihaz\u0131n\u0131zda saklanan k\u00fc\u00e7\u00fck dosyalard\u0131r.<\/p><ol start=\"2\" data-start=\"323\" data-end=\"355\"><li data-start=\"323\" data-end=\"355\"><p data-start=\"326\" data-end=\"355\">Kulland\u0131\u011f\u0131m\u0131z \u00c7erez T\u00fcrleri<\/p><\/li><\/ol><ul data-start=\"357\" data-end=\"683\"><li data-start=\"357\" data-end=\"443\"><p data-start=\"359\" data-end=\"443\"><strong data-start=\"359\" data-end=\"380\">Gerekli \u00c7erezler:<\/strong> Form g\u00f6nderimleri gibi temel site i\u015flevlerini etkinle\u015ftirir.<\/p><\/li><li data-start=\"444\" data-end=\"526\"><p data-start=\"446\" data-end=\"526\"><strong data-start=\"446\" data-end=\"471\">Performans \u00c7erezleri:<\/strong> Web sitesi kullan\u0131m\u0131n\u0131 izleyerek iyile\u015ftirme sa\u011flar.<\/p><\/li><li data-start=\"527\" data-end=\"616\"><p data-start=\"529\" data-end=\"616\"><strong data-start=\"529\" data-end=\"554\">Fonksiyonel \u00c7erezler:<\/strong> Dil ve gayrimenkul filtreleri gibi tercihlerinizi kaydeder.<\/p><\/li><li data-start=\"617\" data-end=\"683\"><p data-start=\"619\" data-end=\"683\"><strong data-start=\"619\" data-end=\"643\">Pazarlama \u00c7erezleri:<\/strong> \u0130lgili reklam ve promosyonlar\u0131 sunar.<\/p><\/li><\/ul><ol start=\"3\" data-start=\"685\" data-end=\"707\"><li data-start=\"685\" data-end=\"707\"><p data-start=\"688\" data-end=\"707\">\u00c7erezleri Y\u00f6netme<\/p><\/li><\/ol><p data-start=\"709\" data-end=\"864\">\u00c7erez tercihlerinizi taray\u0131c\u0131 ayarlar\u0131n\u0131z \u00fczerinden de\u011fi\u015ftirebilirsiniz. Baz\u0131 \u00e7erezler site i\u015flevselli\u011fi i\u00e7in gereklidir ve devre d\u0131\u015f\u0131 b\u0131rak\u0131lamayabilir.<\/p><ol start=\"4\" data-start=\"866\" data-end=\"884\"><li data-start=\"866\" data-end=\"884\"><p data-start=\"869\" data-end=\"884\">G\u00fcncellemeler<\/p><\/li><\/ol><p data-start=\"886\" data-end=\"1045\" data-is-last-node=\"\" data-is-only-node=\"\">Birle\u015fik Arap Emirlikleri yasalar\u0131ndaki de\u011fi\u015fiklikler veya web sitesi uygulamalar\u0131ndaki g\u00fcncellemeleri yans\u0131tmak amac\u0131yla \u00c7erez Politikam\u0131z\u0131 g\u00fcncelleyebiliriz.<\/p>\t\t\t\t\t\t\t\t<\/div>\n\t\t\t\t<\/div>\n\t\t\t\t<\/div>\n\t\t\t\t\t<\/div>\n\t\t\t\t<\/div>\n\t\t\t\t<\/div>\n\t\t","protected":false},"excerpt":{"rendered":"<p>Cookie Policy Son G\u00fcncelleme: 1-9-2025 Nyx Home, kullan\u0131c\u0131 deneyimini iyile\u015ftirmek amac\u0131yla Birle\u015fik Arap Emirlikleri veri koruma standartlar\u0131na uygun olarak \u00e7erezler kullanmaktad\u0131r. \u00c7erez Nedir? \u00c7erezler, tarama deneyimini geli\u015ftirmek ve web sitesi performans\u0131n\u0131 analiz etmek i\u00e7in cihaz\u0131n\u0131zda saklanan k\u00fc\u00e7\u00fck dosyalard\u0131r. Kulland\u0131\u011f\u0131m\u0131z \u00c7erez T\u00fcrleri Gerekli \u00c7erezler: Form g\u00f6nderimleri gibi temel site i\u015flevlerini etkinle\u015ftirir. Performans \u00c7erezleri: Web sitesi kullan\u0131m\u0131n\u0131 [&hellip;]<\/p>\n","protected":false},"author":1,"featured_media":0,"parent":0,"menu_order":0,"comment_status":"closed","ping_status":"closed","template":"elementor_header_footer","meta":{"footnotes":""},"class_list":["post-3583","page","type-page","status-publish","hentry"],"yoast_head":"<!-- This site is optimized with the Yoast SEO plugin v27.4 - https:\/\/yoast.com\/product\/yoast-seo-wordpress\/ -->\n<title>\u00c7erez Politikas\u0131 | NYX Home Gayrimenkul Dubai<\/title>\n<meta name=\"description\" content=\"Cookie Policy Son G\u00fcncelleme: 1-9-2025Nyx Home, kullan\u0131c\u0131 deneyimini iyile\u015ftirmek amac\u0131yla Birle\u015fik Arap Emirlikleri veri koruma standartlar\u0131na uygun\" \/>\n<meta name=\"robots\" content=\"index, follow, max-snippet:-1, max-image-preview:large, max-video-preview:-1\" \/>\n<link rel=\"canonical\" href=\"https:\/\/nyxhome.com\/tr\/cerez-politikasi\" \/>\n<meta property=\"og:locale\" content=\"tr_TR\" \/>\n<meta property=\"og:type\" content=\"article\" \/>\n<meta property=\"og:title\" content=\"\u00c7erez Politikas\u0131 | NYX Home Gayrimenkul Dubai\" \/>\n<meta property=\"og:description\" content=\"Cookie Policy Son G\u00fcncelleme: 1-9-2025Nyx Home, kullan\u0131c\u0131 deneyimini iyile\u015ftirmek amac\u0131yla Birle\u015fik Arap Emirlikleri veri koruma standartlar\u0131na uygun\" \/>\n<meta property=\"og:url\" content=\"https:\/\/nyxhome.com\/tr\/cerez-politikasi\" \/>\n<meta property=\"og:site_name\" content=\"NYX Home Gayrimenkul Dubai\" \/>\n<meta property=\"article:modified_time\" content=\"2025-12-07T20:02:00+00:00\" \/>\n<meta name=\"twitter:card\" content=\"summary_large_image\" \/>\n<meta name=\"twitter:label1\" content=\"Tahmini okuma s\u00fcresi\" \/>\n\t<meta name=\"twitter:data1\" content=\"1 dakika\" \/>\n<script type=\"application\/ld+json\" class=\"yoast-schema-graph\">{\"@context\":\"https:\\\/\\\/schema.org\",\"@graph\":[{\"@type\":\"WebPage\",\"@id\":\"https:\\\/\\\/nyxhome.com\\\/tr\\\/cerez-politikasi\",\"url\":\"https:\\\/\\\/nyxhome.com\\\/tr\\\/cerez-politikasi\",\"name\":\"\u00c7erez Politikas\u0131 | NYX Home Gayrimenkul Dubai\",\"isPartOf\":{\"@id\":\"https:\\\/\\\/nyxhome.com\\\/tr\\\/#website\"},\"datePublished\":\"2025-09-01T10:17:04+00:00\",\"dateModified\":\"2025-12-07T20:02:00+00:00\",\"description\":\"Cookie Policy Son G\u00fcncelleme: 1-9-2025Nyx Home, kullan\u0131c\u0131 deneyimini iyile\u015ftirmek amac\u0131yla Birle\u015fik Arap Emirlikleri veri koruma standartlar\u0131na uygun\",\"breadcrumb\":{\"@id\":\"https:\\\/\\\/nyxhome.com\\\/tr\\\/cerez-politikasi#breadcrumb\"},\"inLanguage\":\"tr\",\"potentialAction\":[{\"@type\":\"ReadAction\",\"target\":[\"https:\\\/\\\/nyxhome.com\\\/tr\\\/cerez-politikasi\"]}]},{\"@type\":\"BreadcrumbList\",\"@id\":\"https:\\\/\\\/nyxhome.com\\\/tr\\\/cerez-politikasi#breadcrumb\",\"itemListElement\":[{\"@type\":\"ListItem\",\"position\":1,\"name\":\"Anasayfa\",\"item\":\"https:\\\/\\\/nyxhome.com\\\/tr\\\/\"},{\"@type\":\"ListItem\",\"position\":2,\"name\":\"\u00c7erez Politikas\u0131\"}]},{\"@type\":\"WebSite\",\"@id\":\"https:\\\/\\\/nyxhome.com\\\/tr\\\/#website\",\"url\":\"https:\\\/\\\/nyxhome.com\\\/tr\\\/\",\"name\":\"NYX Home Gayrimenkul Dubai\",\"description\":\"\",\"publisher\":{\"@id\":\"https:\\\/\\\/nyxhome.com\\\/tr\\\/#organization\"},\"potentialAction\":[{\"@type\":\"SearchAction\",\"target\":{\"@type\":\"EntryPoint\",\"urlTemplate\":\"https:\\\/\\\/nyxhome.com\\\/tr\\\/?s={search_term_string}\"},\"query-input\":{\"@type\":\"PropertyValueSpecification\",\"valueRequired\":true,\"valueName\":\"search_term_string\"}}],\"inLanguage\":\"tr\"},{\"@type\":\"Organization\",\"@id\":\"https:\\\/\\\/nyxhome.com\\\/tr\\\/#organization\",\"name\":\"NYX Home Gayrimenkul Dubai\",\"url\":\"https:\\\/\\\/nyxhome.com\\\/tr\\\/\",\"logo\":{\"@type\":\"ImageObject\",\"inLanguage\":\"tr\",\"@id\":\"https:\\\/\\\/nyxhome.com\\\/tr\\\/#\\\/schema\\\/logo\\\/image\\\/\",\"url\":\"https:\\\/\\\/nyxhome.com\\\/tr\\\/wp-content\\\/uploads\\\/2025\\\/06\\\/nyx-logo-1.webp\",\"contentUrl\":\"https:\\\/\\\/nyxhome.com\\\/tr\\\/wp-content\\\/uploads\\\/2025\\\/06\\\/nyx-logo-1.webp\",\"width\":884,\"height\":428,\"caption\":\"NYX Home Gayrimenkul Dubai\"},\"image\":{\"@id\":\"https:\\\/\\\/nyxhome.com\\\/tr\\\/#\\\/schema\\\/logo\\\/image\\\/\"}}]}<\/script>\n<!-- \/ Yoast SEO plugin. -->","yoast_head_json":{"title":"\u00c7erez Politikas\u0131 | NYX Home Gayrimenkul Dubai","description":"Cookie Policy Son G\u00fcncelleme: 1-9-2025Nyx Home, kullan\u0131c\u0131 deneyimini iyile\u015ftirmek amac\u0131yla Birle\u015fik Arap Emirlikleri veri koruma standartlar\u0131na uygun","robots":{"index":"index","follow":"follow","max-snippet":"max-snippet:-1","max-image-preview":"max-image-preview:large","max-video-preview":"max-video-preview:-1"},"canonical":"https:\/\/nyxhome.com\/tr\/cerez-politikasi","og_locale":"tr_TR","og_type":"article","og_title":"\u00c7erez Politikas\u0131 | NYX Home Gayrimenkul Dubai","og_description":"Cookie Policy Son G\u00fcncelleme: 1-9-2025Nyx Home, kullan\u0131c\u0131 deneyimini iyile\u015ftirmek amac\u0131yla Birle\u015fik Arap Emirlikleri veri koruma standartlar\u0131na uygun","og_url":"https:\/\/nyxhome.com\/tr\/cerez-politikasi","og_site_name":"NYX Home Gayrimenkul Dubai","article_modified_time":"2025-12-07T20:02:00+00:00","twitter_card":"summary_large_image","twitter_misc":{"Tahmini okuma s\u00fcresi":"1 dakika"},"schema":{"@context":"https:\/\/schema.org","@graph":[{"@type":"WebPage","@id":"https:\/\/nyxhome.com\/tr\/cerez-politikasi","url":"https:\/\/nyxhome.com\/tr\/cerez-politikasi","name":"\u00c7erez Politikas\u0131 | NYX Home Gayrimenkul Dubai","isPartOf":{"@id":"https:\/\/nyxhome.com\/tr\/#website"},"datePublished":"2025-09-01T10:17:04+00:00","dateModified":"2025-12-07T20:02:00+00:00","description":"Cookie Policy Son G\u00fcncelleme: 1-9-2025Nyx Home, kullan\u0131c\u0131 deneyimini iyile\u015ftirmek amac\u0131yla Birle\u015fik Arap Emirlikleri veri koruma standartlar\u0131na uygun","breadcrumb":{"@id":"https:\/\/nyxhome.com\/tr\/cerez-politikasi#breadcrumb"},"inLanguage":"tr","potentialAction":[{"@type":"ReadAction","target":["https:\/\/nyxhome.com\/tr\/cerez-politikasi"]}]},{"@type":"BreadcrumbList","@id":"https:\/\/nyxhome.com\/tr\/cerez-politikasi#breadcrumb","itemListElement":[{"@type":"ListItem","position":1,"name":"Anasayfa","item":"https:\/\/nyxhome.com\/tr\/"},{"@type":"ListItem","position":2,"name":"\u00c7erez Politikas\u0131"}]},{"@type":"WebSite","@id":"https:\/\/nyxhome.com\/tr\/#website","url":"https:\/\/nyxhome.com\/tr\/","name":"NYX Home Gayrimenkul Dubai","description":"","publisher":{"@id":"https:\/\/nyxhome.com\/tr\/#organization"},"potentialAction":[{"@type":"SearchAction","target":{"@type":"EntryPoint","urlTemplate":"https:\/\/nyxhome.com\/tr\/?s={search_term_string}"},"query-input":{"@type":"PropertyValueSpecification","valueRequired":true,"valueName":"search_term_string"}}],"inLanguage":"tr"},{"@type":"Organization","@id":"https:\/\/nyxhome.com\/tr\/#organization","name":"NYX Home Gayrimenkul Dubai","url":"https:\/\/nyxhome.com\/tr\/","logo":{"@type":"ImageObject","inLanguage":"tr","@id":"https:\/\/nyxhome.com\/tr\/#\/schema\/logo\/image\/","url":"https:\/\/nyxhome.com\/tr\/wp-content\/uploads\/2025\/06\/nyx-logo-1.webp","contentUrl":"https:\/\/nyxhome.com\/tr\/wp-content\/uploads\/2025\/06\/nyx-logo-1.webp","width":884,"height":428,"caption":"NYX Home Gayrimenkul Dubai"},"image":{"@id":"https:\/\/nyxhome.com\/tr\/#\/schema\/logo\/image\/"}}]}},"_links":{"self":[{"href":"https:\/\/nyxhome.com\/tr\/wp-json\/wp\/v2\/pages\/3583","targetHints":{"allow":["GET"]}}],"collection":[{"href":"https:\/\/nyxhome.com\/tr\/wp-json\/wp\/v2\/pages"}],"about":[{"href":"https:\/\/nyxhome.com\/tr\/wp-json\/wp\/v2\/types\/page"}],"author":[{"embeddable":true,"href":"https:\/\/nyxhome.com\/tr\/wp-json\/wp\/v2\/users\/1"}],"replies":[{"embeddable":true,"href":"https:\/\/nyxhome.com\/tr\/wp-json\/wp\/v2\/comments?post=3583"}],"version-history":[{"count":4,"href":"https:\/\/nyxhome.com\/tr\/wp-json\/wp\/v2\/pages\/3583\/revisions"}],"predecessor-version":[{"id":4165,"href":"https:\/\/nyxhome.com\/tr\/wp-json\/wp\/v2\/pages\/3583\/revisions\/4165"}],"wp:attachment":[{"href":"https:\/\/nyxhome.com\/tr\/wp-json\/wp\/v2\/media?parent=3583"}],"curies":[{"name":"wp","href":"https:\/\/api.w.org\/{rel}","templated":true}]}}