{"id":3581,"date":"2025-09-01T11:07:43","date_gmt":"2025-09-01T10:07:43","guid":{"rendered":"https:\/\/nyxhome.com\/tr\/?page_id=3581"},"modified":"2025-12-07T20:05:07","modified_gmt":"2025-12-07T20:05:07","slug":"sartlar-ve-kosullar","status":"publish","type":"page","link":"https:\/\/nyxhome.com\/tr\/sartlar-ve-kosullar","title":{"rendered":"\u015eartlar &#038; Ko\u015fullar"},"content":{"rendered":"\t\t<div data-elementor-type=\"wp-page\" data-elementor-id=\"3581\" class=\"elementor elementor-3581\" data-elementor-post-type=\"page\">\n\t\t\t\t<div class=\"elementor-element elementor-element-fb4fd06 e-flex e-con-boxed e-con e-parent\" data-id=\"fb4fd06\" data-element_type=\"container\" data-e-type=\"container\">\n\t\t\t\t\t<div class=\"e-con-inner\">\n\t\t<div class=\"elementor-element elementor-element-0a96c4e e-con-full e-flex e-con e-child\" data-id=\"0a96c4e\" data-element_type=\"container\" data-e-type=\"container\">\n\t\t\t\t<div class=\"elementor-element elementor-element-cd51dc7 elementor-widget elementor-widget-shortcode\" data-id=\"cd51dc7\" data-element_type=\"widget\" data-e-type=\"widget\" data-widget_type=\"shortcode.default\">\n\t\t\t\t<div class=\"elementor-widget-container\">\n\t\t\t\t\t<nav class=\"breadcrumbs\"><a href=\"https:\/\/nyxhome.com\/tr\">Ana Sayfa<\/a> \u015eartlar &#038; Ko\u015fullar<\/nav>\t\t<div class=\"elementor-shortcode\"><\/div>\n\t\t\t\t\t\t<\/div>\n\t\t\t\t<\/div>\n\t\t<div class=\"elementor-element elementor-element-de0e023 e-con-full e-flex e-con e-child\" data-id=\"de0e023\" data-element_type=\"container\" data-e-type=\"container\">\n\t\t\t\t<div class=\"elementor-element elementor-element-36a7aa4 elementor-widget__width-initial elementor-widget elementor-widget-heading\" data-id=\"36a7aa4\" data-element_type=\"widget\" data-e-type=\"widget\" data-widget_type=\"heading.default\">\n\t\t\t\t<div class=\"elementor-widget-container\">\n\t\t\t\t\t<h2 class=\"elementor-heading-title elementor-size-default\">\u015eartlar &amp; Ko\u015fullar<\/h2>\t\t\t\t<\/div>\n\t\t\t\t<\/div>\n\t\t\t\t<\/div>\n\t\t\t\t<div class=\"elementor-element elementor-element-099f65c policy-content elementor-widget elementor-widget-text-editor\" data-id=\"099f65c\" data-element_type=\"widget\" data-e-type=\"widget\" data-widget_type=\"text-editor.default\">\n\t\t\t\t<div class=\"elementor-widget-container\">\n\t\t\t\t\t\t\t\t\t<p data-start=\"0\" data-end=\"26\">Son G\u00fcncelleme: 1-9-2025<\/p><p data-start=\"28\" data-end=\"114\">Nyx Home\u2019a eri\u015ferek veya kullanarak, bu \u015eartlar ve Ko\u015fullar\u2019\u0131 kabul etmi\u015f olursunuz.<\/p><ol data-start=\"116\" data-end=\"144\"><li data-start=\"116\" data-end=\"144\"><p data-start=\"119\" data-end=\"144\">Web Sitesinin Kullan\u0131m\u0131<\/p><\/li><\/ol><ul data-start=\"146\" data-end=\"357\"><li data-start=\"146\" data-end=\"213\"><p data-start=\"148\" data-end=\"213\">Hizmetlerimizi kullanmak i\u00e7in en az 18 ya\u015f\u0131nda olman\u0131z gerekir.<\/p><\/li><li data-start=\"214\" data-end=\"357\"><p data-start=\"216\" data-end=\"357\">Web sitesini k\u00f6t\u00fcye kullanmamay\u0131 kabul edersiniz; yetkisiz kullan\u0131m, spam g\u00f6nderimi veya yanl\u0131\u015f gayrimenkul bilgisi sa\u011flamak buna dahildir.<\/p><\/li><\/ul><ol start=\"2\" data-start=\"359\" data-end=\"384\"><li data-start=\"359\" data-end=\"384\"><p data-start=\"362\" data-end=\"384\">Gayrimenkul \u0130lanlar\u0131<\/p><\/li><\/ol><ul data-start=\"386\" data-end=\"692\"><li data-start=\"386\" data-end=\"498\"><p data-start=\"388\" data-end=\"498\">T\u00fcm ilanlar, gayrimenkul sahipleri, ajanlar veya geli\u015ftiricilerden al\u0131nan bilgilere dayanarak sunulmaktad\u0131r.<\/p><\/li><li data-start=\"499\" data-end=\"596\"><p data-start=\"501\" data-end=\"596\">Nyx Home, gayrimenkul detaylar\u0131n\u0131n, fiyatlar\u0131n\u0131n veya uygunlu\u011funun do\u011frulu\u011funu garanti etmez.<\/p><\/li><li data-start=\"597\" data-end=\"692\"><p data-start=\"599\" data-end=\"692\">Kullan\u0131c\u0131lar\u0131n, karar vermeden \u00f6nce bilgileri ba\u011f\u0131ms\u0131z olarak do\u011frulamalar\u0131 tavsiye edilir.<\/p><\/li><\/ul><ol start=\"3\" data-start=\"694\" data-end=\"713\"><li data-start=\"694\" data-end=\"713\"><p data-start=\"697\" data-end=\"713\">Fikri M\u00fclkiyet<\/p><\/li><\/ol><ul data-start=\"715\" data-end=\"913\"><li data-start=\"715\" data-end=\"834\"><p data-start=\"717\" data-end=\"834\">Web sitesindeki t\u00fcm i\u00e7erik, metin, g\u00f6rsel ve tasar\u0131m dahil olmak \u00fczere Nyx Home\u2019a aittir veya bize lisanslanm\u0131\u015ft\u0131r.<\/p><\/li><li data-start=\"835\" data-end=\"913\"><p data-start=\"837\" data-end=\"913\">\u00d6nceden yaz\u0131l\u0131 izin olmadan hi\u00e7bir i\u00e7eri\u011fi \u00e7o\u011faltamaz veya da\u011f\u0131tamazs\u0131n\u0131z.<\/p><\/li><\/ul><ol start=\"4\" data-start=\"915\" data-end=\"945\"><li data-start=\"915\" data-end=\"945\"><p data-start=\"918\" data-end=\"945\">\u00dc\u00e7\u00fcnc\u00fc Taraf Ba\u011flant\u0131lar\u0131<\/p><\/li><\/ol><ul data-start=\"947\" data-end=\"1094\"><li data-start=\"947\" data-end=\"1094\"><p data-start=\"949\" data-end=\"1094\">Web sitemiz \u00fc\u00e7\u00fcnc\u00fc taraf sitelere ba\u011flant\u0131lar i\u00e7erebilir. Nyx Home, bu sitelerin i\u00e7eri\u011fi, uygulamalar\u0131 veya uyumluluklar\u0131ndan sorumlu de\u011fildir.<\/p><\/li><\/ul><ol start=\"5\" data-start=\"1096\" data-end=\"1123\"><li data-start=\"1096\" data-end=\"1123\"><p data-start=\"1099\" data-end=\"1123\">Sorumluluk S\u0131n\u0131rlamas\u0131<\/p><\/li><\/ol><ul data-start=\"1125\" data-end=\"1378\"><li data-start=\"1125\" data-end=\"1254\"><p data-start=\"1127\" data-end=\"1254\">Nyx Home, gayrimenkul ilanlar\u0131na veya web sitesi kullan\u0131m\u0131na dayanarak olu\u015fabilecek zarar veya kay\u0131plardan sorumlu tutulamaz.<\/p><\/li><li data-start=\"1255\" data-end=\"1378\"><p data-start=\"1257\" data-end=\"1378\">Kullan\u0131c\u0131lar, \u00fc\u00e7\u00fcnc\u00fc taraf ajanlar, geli\u015ftiriciler veya ev sahipleri ile kendi sorumluluklar\u0131 dahilinde i\u015flem yaparlar.<\/p><\/li><\/ul><ol start=\"6\" data-start=\"1380\" data-end=\"1407\"><li data-start=\"1380\" data-end=\"1407\"><p data-start=\"1383\" data-end=\"1407\">Ge\u00e7erli Hukuk ve Yetki<\/p><\/li><\/ol><ul data-start=\"1409\" data-end=\"1568\" data-is-last-node=\"\" data-is-only-node=\"\"><li data-start=\"1409\" data-end=\"1482\"><p data-start=\"1411\" data-end=\"1482\">Bu \u015eartlar ve Ko\u015fullar, Birle\u015fik Arap Emirlikleri yasalar\u0131na tabidir.<\/p><\/li><li data-start=\"1483\" data-end=\"1568\" data-is-last-node=\"\"><p data-start=\"1485\" data-end=\"1568\" data-is-last-node=\"\">Herhangi bir ihtilaf, Dubai mahkemelerinin m\u00fcnhas\u0131r yarg\u0131 yetkisine tabi olacakt\u0131r.<\/p><\/li><\/ul>\t\t\t\t\t\t\t\t<\/div>\n\t\t\t\t<\/div>\n\t\t\t\t<\/div>\n\t\t\t\t\t<\/div>\n\t\t\t\t<\/div>\n\t\t\t\t<\/div>\n\t\t","protected":false},"excerpt":{"rendered":"<p>\u015eartlar &amp; Ko\u015fullar Son G\u00fcncelleme: 1-9-2025 Nyx Home\u2019a eri\u015ferek veya kullanarak, bu \u015eartlar ve Ko\u015fullar\u2019\u0131 kabul etmi\u015f olursunuz. Web Sitesinin Kullan\u0131m\u0131 Hizmetlerimizi kullanmak i\u00e7in en az 18 ya\u015f\u0131nda olman\u0131z gerekir. Web sitesini k\u00f6t\u00fcye kullanmamay\u0131 kabul edersiniz; yetkisiz kullan\u0131m, spam g\u00f6nderimi veya yanl\u0131\u015f gayrimenkul bilgisi sa\u011flamak buna dahildir. Gayrimenkul \u0130lanlar\u0131 T\u00fcm ilanlar, gayrimenkul sahipleri, ajanlar veya [&hellip;]<\/p>\n","protected":false},"author":1,"featured_media":0,"parent":0,"menu_order":0,"comment_status":"closed","ping_status":"closed","template":"elementor_header_footer","meta":{"footnotes":""},"class_list":["post-3581","page","type-page","status-publish","hentry"],"yoast_head":"<!-- This site is optimized with the Yoast SEO plugin v27.4 - https:\/\/yoast.com\/product\/yoast-seo-wordpress\/ -->\n<title>\u015eartlar &amp; Ko\u015fullar | NYX Home Gayrimenkul Dubai<\/title>\n<meta name=\"description\" content=\"\u015eartlar &amp; Ko\u015fullar Son G\u00fcncelleme: 1-9-2025Nyx Home\u2019a eri\u015ferek veya kullanarak, bu \u015eartlar ve Ko\u015fullar\u2019\u0131 kabul etmi\u015f olursunuz.Web Sitesinin\" \/>\n<meta name=\"robots\" content=\"index, follow, max-snippet:-1, max-image-preview:large, max-video-preview:-1\" \/>\n<link rel=\"canonical\" href=\"https:\/\/nyxhome.com\/tr\/sartlar-ve-kosullar\" \/>\n<meta property=\"og:locale\" content=\"tr_TR\" \/>\n<meta property=\"og:type\" content=\"article\" \/>\n<meta property=\"og:title\" content=\"\u015eartlar &amp; Ko\u015fullar | NYX Home Gayrimenkul Dubai\" \/>\n<meta property=\"og:description\" content=\"\u015eartlar &amp; Ko\u015fullar Son G\u00fcncelleme: 1-9-2025Nyx Home\u2019a eri\u015ferek veya kullanarak, bu \u015eartlar ve Ko\u015fullar\u2019\u0131 kabul etmi\u015f olursunuz.Web Sitesinin\" \/>\n<meta property=\"og:url\" content=\"https:\/\/nyxhome.com\/tr\/sartlar-ve-kosullar\" \/>\n<meta property=\"og:site_name\" content=\"NYX Home Gayrimenkul Dubai\" \/>\n<meta property=\"article:modified_time\" content=\"2025-12-07T20:05:07+00:00\" \/>\n<meta name=\"twitter:card\" content=\"summary_large_image\" \/>\n<meta name=\"twitter:label1\" content=\"Tahmini okuma s\u00fcresi\" \/>\n\t<meta name=\"twitter:data1\" content=\"1 dakika\" \/>\n<script type=\"application\/ld+json\" class=\"yoast-schema-graph\">{\"@context\":\"https:\\\/\\\/schema.org\",\"@graph\":[{\"@type\":\"WebPage\",\"@id\":\"https:\\\/\\\/nyxhome.com\\\/tr\\\/sartlar-ve-kosullar\",\"url\":\"https:\\\/\\\/nyxhome.com\\\/tr\\\/sartlar-ve-kosullar\",\"name\":\"\u015eartlar & Ko\u015fullar | NYX Home Gayrimenkul Dubai\",\"isPartOf\":{\"@id\":\"https:\\\/\\\/nyxhome.com\\\/tr\\\/#website\"},\"datePublished\":\"2025-09-01T10:07:43+00:00\",\"dateModified\":\"2025-12-07T20:05:07+00:00\",\"description\":\"\u015eartlar &amp; Ko\u015fullar Son G\u00fcncelleme: 1-9-2025Nyx Home\u2019a eri\u015ferek veya kullanarak, bu \u015eartlar ve Ko\u015fullar\u2019\u0131 kabul etmi\u015f olursunuz.Web Sitesinin\",\"breadcrumb\":{\"@id\":\"https:\\\/\\\/nyxhome.com\\\/tr\\\/sartlar-ve-kosullar#breadcrumb\"},\"inLanguage\":\"tr\",\"potentialAction\":[{\"@type\":\"ReadAction\",\"target\":[\"https:\\\/\\\/nyxhome.com\\\/tr\\\/sartlar-ve-kosullar\"]}]},{\"@type\":\"BreadcrumbList\",\"@id\":\"https:\\\/\\\/nyxhome.com\\\/tr\\\/sartlar-ve-kosullar#breadcrumb\",\"itemListElement\":[{\"@type\":\"ListItem\",\"position\":1,\"name\":\"Anasayfa\",\"item\":\"https:\\\/\\\/nyxhome.com\\\/tr\\\/\"},{\"@type\":\"ListItem\",\"position\":2,\"name\":\"\u015eartlar &#038; Ko\u015fullar\"}]},{\"@type\":\"WebSite\",\"@id\":\"https:\\\/\\\/nyxhome.com\\\/tr\\\/#website\",\"url\":\"https:\\\/\\\/nyxhome.com\\\/tr\\\/\",\"name\":\"NYX Home Gayrimenkul Dubai\",\"description\":\"\",\"publisher\":{\"@id\":\"https:\\\/\\\/nyxhome.com\\\/tr\\\/#organization\"},\"potentialAction\":[{\"@type\":\"SearchAction\",\"target\":{\"@type\":\"EntryPoint\",\"urlTemplate\":\"https:\\\/\\\/nyxhome.com\\\/tr\\\/?s={search_term_string}\"},\"query-input\":{\"@type\":\"PropertyValueSpecification\",\"valueRequired\":true,\"valueName\":\"search_term_string\"}}],\"inLanguage\":\"tr\"},{\"@type\":\"Organization\",\"@id\":\"https:\\\/\\\/nyxhome.com\\\/tr\\\/#organization\",\"name\":\"NYX Home Gayrimenkul Dubai\",\"url\":\"https:\\\/\\\/nyxhome.com\\\/tr\\\/\",\"logo\":{\"@type\":\"ImageObject\",\"inLanguage\":\"tr\",\"@id\":\"https:\\\/\\\/nyxhome.com\\\/tr\\\/#\\\/schema\\\/logo\\\/image\\\/\",\"url\":\"https:\\\/\\\/nyxhome.com\\\/tr\\\/wp-content\\\/uploads\\\/2025\\\/06\\\/nyx-logo-1.webp\",\"contentUrl\":\"https:\\\/\\\/nyxhome.com\\\/tr\\\/wp-content\\\/uploads\\\/2025\\\/06\\\/nyx-logo-1.webp\",\"width\":884,\"height\":428,\"caption\":\"NYX Home Gayrimenkul Dubai\"},\"image\":{\"@id\":\"https:\\\/\\\/nyxhome.com\\\/tr\\\/#\\\/schema\\\/logo\\\/image\\\/\"}}]}<\/script>\n<!-- \/ Yoast SEO plugin. -->","yoast_head_json":{"title":"\u015eartlar & Ko\u015fullar | NYX Home Gayrimenkul Dubai","description":"\u015eartlar &amp; Ko\u015fullar Son G\u00fcncelleme: 1-9-2025Nyx Home\u2019a eri\u015ferek veya kullanarak, bu \u015eartlar ve Ko\u015fullar\u2019\u0131 kabul etmi\u015f olursunuz.Web Sitesinin","robots":{"index":"index","follow":"follow","max-snippet":"max-snippet:-1","max-image-preview":"max-image-preview:large","max-video-preview":"max-video-preview:-1"},"canonical":"https:\/\/nyxhome.com\/tr\/sartlar-ve-kosullar","og_locale":"tr_TR","og_type":"article","og_title":"\u015eartlar & Ko\u015fullar | NYX Home Gayrimenkul Dubai","og_description":"\u015eartlar &amp; Ko\u015fullar Son G\u00fcncelleme: 1-9-2025Nyx Home\u2019a eri\u015ferek veya kullanarak, bu \u015eartlar ve Ko\u015fullar\u2019\u0131 kabul etmi\u015f olursunuz.Web Sitesinin","og_url":"https:\/\/nyxhome.com\/tr\/sartlar-ve-kosullar","og_site_name":"NYX Home Gayrimenkul Dubai","article_modified_time":"2025-12-07T20:05:07+00:00","twitter_card":"summary_large_image","twitter_misc":{"Tahmini okuma s\u00fcresi":"1 dakika"},"schema":{"@context":"https:\/\/schema.org","@graph":[{"@type":"WebPage","@id":"https:\/\/nyxhome.com\/tr\/sartlar-ve-kosullar","url":"https:\/\/nyxhome.com\/tr\/sartlar-ve-kosullar","name":"\u015eartlar & Ko\u015fullar | NYX Home Gayrimenkul Dubai","isPartOf":{"@id":"https:\/\/nyxhome.com\/tr\/#website"},"datePublished":"2025-09-01T10:07:43+00:00","dateModified":"2025-12-07T20:05:07+00:00","description":"\u015eartlar &amp; Ko\u015fullar Son G\u00fcncelleme: 1-9-2025Nyx Home\u2019a eri\u015ferek veya kullanarak, bu \u015eartlar ve Ko\u015fullar\u2019\u0131 kabul etmi\u015f olursunuz.Web Sitesinin","breadcrumb":{"@id":"https:\/\/nyxhome.com\/tr\/sartlar-ve-kosullar#breadcrumb"},"inLanguage":"tr","potentialAction":[{"@type":"ReadAction","target":["https:\/\/nyxhome.com\/tr\/sartlar-ve-kosullar"]}]},{"@type":"BreadcrumbList","@id":"https:\/\/nyxhome.com\/tr\/sartlar-ve-kosullar#breadcrumb","itemListElement":[{"@type":"ListItem","position":1,"name":"Anasayfa","item":"https:\/\/nyxhome.com\/tr\/"},{"@type":"ListItem","position":2,"name":"\u015eartlar &#038; Ko\u015fullar"}]},{"@type":"WebSite","@id":"https:\/\/nyxhome.com\/tr\/#website","url":"https:\/\/nyxhome.com\/tr\/","name":"NYX Home Gayrimenkul Dubai","description":"","publisher":{"@id":"https:\/\/nyxhome.com\/tr\/#organization"},"potentialAction":[{"@type":"SearchAction","target":{"@type":"EntryPoint","urlTemplate":"https:\/\/nyxhome.com\/tr\/?s={search_term_string}"},"query-input":{"@type":"PropertyValueSpecification","valueRequired":true,"valueName":"search_term_string"}}],"inLanguage":"tr"},{"@type":"Organization","@id":"https:\/\/nyxhome.com\/tr\/#organization","name":"NYX Home Gayrimenkul Dubai","url":"https:\/\/nyxhome.com\/tr\/","logo":{"@type":"ImageObject","inLanguage":"tr","@id":"https:\/\/nyxhome.com\/tr\/#\/schema\/logo\/image\/","url":"https:\/\/nyxhome.com\/tr\/wp-content\/uploads\/2025\/06\/nyx-logo-1.webp","contentUrl":"https:\/\/nyxhome.com\/tr\/wp-content\/uploads\/2025\/06\/nyx-logo-1.webp","width":884,"height":428,"caption":"NYX Home Gayrimenkul Dubai"},"image":{"@id":"https:\/\/nyxhome.com\/tr\/#\/schema\/logo\/image\/"}}]}},"_links":{"self":[{"href":"https:\/\/nyxhome.com\/tr\/wp-json\/wp\/v2\/pages\/3581","targetHints":{"allow":["GET"]}}],"collection":[{"href":"https:\/\/nyxhome.com\/tr\/wp-json\/wp\/v2\/pages"}],"about":[{"href":"https:\/\/nyxhome.com\/tr\/wp-json\/wp\/v2\/types\/page"}],"author":[{"embeddable":true,"href":"https:\/\/nyxhome.com\/tr\/wp-json\/wp\/v2\/users\/1"}],"replies":[{"embeddable":true,"href":"https:\/\/nyxhome.com\/tr\/wp-json\/wp\/v2\/comments?post=3581"}],"version-history":[{"count":4,"href":"https:\/\/nyxhome.com\/tr\/wp-json\/wp\/v2\/pages\/3581\/revisions"}],"predecessor-version":[{"id":4174,"href":"https:\/\/nyxhome.com\/tr\/wp-json\/wp\/v2\/pages\/3581\/revisions\/4174"}],"wp:attachment":[{"href":"https:\/\/nyxhome.com\/tr\/wp-json\/wp\/v2\/media?parent=3581"}],"curies":[{"name":"wp","href":"https:\/\/api.w.org\/{rel}","templated":true}]}}