{"id":31,"date":"2025-06-30T12:22:30","date_gmt":"2025-06-30T11:22:30","guid":{"rendered":"https:\/\/nyxhome.com\/tr\/?page_id=31"},"modified":"2025-12-07T20:11:58","modified_gmt":"2025-12-07T20:11:58","slug":"gayrimenkul-hizmetleri","status":"publish","type":"page","link":"https:\/\/nyxhome.com\/tr\/gayrimenkul-hizmetleri","title":{"rendered":"Gayrimenkul Hizmetleri"},"content":{"rendered":"\t\t<div data-elementor-type=\"wp-page\" data-elementor-id=\"31\" class=\"elementor elementor-31\" data-elementor-post-type=\"page\">\n\t\t\t\t<div class=\"elementor-element elementor-element-56d56c5 e-flex e-con-boxed e-con e-parent\" data-id=\"56d56c5\" data-element_type=\"container\" data-e-type=\"container\">\n\t\t\t\t\t<div class=\"e-con-inner\">\n\t\t\t\t<div class=\"elementor-element elementor-element-cfbc3c5 elementor-widget elementor-widget-shortcode\" data-id=\"cfbc3c5\" data-element_type=\"widget\" data-e-type=\"widget\" data-widget_type=\"shortcode.default\">\n\t\t\t\t<div class=\"elementor-widget-container\">\n\t\t\t\t\t<nav class=\"breadcrumbs\"><a href=\"https:\/\/nyxhome.com\/tr\">Ana Sayfa<\/a> Gayrimenkul Hizmetleri<\/nav>\t\t<div class=\"elementor-shortcode\"><\/div>\n\t\t\t\t\t\t<\/div>\n\t\t\t\t<\/div>\n\t\t\t\t<div class=\"elementor-element elementor-element-42ce3bb elementor-widget elementor-widget-heading\" data-id=\"42ce3bb\" data-element_type=\"widget\" data-e-type=\"widget\" data-widget_type=\"heading.default\">\n\t\t\t\t<div class=\"elementor-widget-container\">\n\t\t\t\t\t<h2 class=\"elementor-heading-title elementor-size-default\">Sat\u0131\u015f Sonras\u0131 S\u00fcren Destek<\/h2>\t\t\t\t<\/div>\n\t\t\t\t<\/div>\n\t\t\t\t<div class=\"elementor-element elementor-element-02fa391 elementor-widget elementor-widget-text-editor\" data-id=\"02fa391\" data-element_type=\"widget\" data-e-type=\"widget\" data-widget_type=\"text-editor.default\">\n\t\t\t\t<div class=\"elementor-widget-container\">\n\t\t\t\t\t\t\t\t\t<p>\u00c7al\u0131\u015fmam\u0131z i\u015flemle sona ermez. Zaman\u0131n\u0131z, ya\u015fam tarz\u0131n\u0131z ve yat\u0131r\u0131m\u0131n\u0131z do\u011frultusunda tasarlanm\u0131\u015f, d\u00fc\u015f\u00fcnceli ve rahats\u0131z edici olmayan destekle devam eder.<\/p>\t\t\t\t\t\t\t\t<\/div>\n\t\t\t\t<\/div>\n\t\t\t\t<div class=\"elementor-element elementor-element-9534181 journal-cards elementor-grid-3 elementor-grid-tablet-2 elementor-grid-mobile-1 elementor-posts--thumbnail-top elementor-posts__hover-gradient elementor-widget elementor-widget-posts\" data-id=\"9534181\" data-element_type=\"widget\" data-e-type=\"widget\" data-settings=\"{&quot;cards_row_gap&quot;:{&quot;unit&quot;:&quot;px&quot;,&quot;size&quot;:20,&quot;sizes&quot;:[]},&quot;cards_columns&quot;:&quot;3&quot;,&quot;cards_columns_tablet&quot;:&quot;2&quot;,&quot;cards_columns_mobile&quot;:&quot;1&quot;,&quot;cards_row_gap_tablet&quot;:{&quot;unit&quot;:&quot;px&quot;,&quot;size&quot;:&quot;&quot;,&quot;sizes&quot;:[]},&quot;cards_row_gap_mobile&quot;:{&quot;unit&quot;:&quot;px&quot;,&quot;size&quot;:&quot;&quot;,&quot;sizes&quot;:[]}}\" data-widget_type=\"posts.cards\">\n\t\t\t\t<div class=\"elementor-widget-container\">\n\t\t\t\t\t\t\t<div class=\"elementor-posts-container elementor-posts elementor-posts--skin-cards elementor-grid\" role=\"list\">\n\t\t\t\t<article class=\"elementor-post elementor-grid-item post-33 page type-page status-publish has-post-thumbnail hentry\" role=\"listitem\">\n\t\t\t<div class=\"elementor-post__card\">\n\t\t\t\t<a class=\"elementor-post__thumbnail__link\" href=\"https:\/\/nyxhome.com\/tr\/gayrimenkul-hizmetleri\/mulk-yonetimi-dubai\" tabindex=\"-1\" ><div class=\"elementor-post__thumbnail\"><img fetchpriority=\"high\" decoding=\"async\" width=\"614\" height=\"340\" src=\"https:\/\/nyxhome.com\/tr\/wp-content\/uploads\/2025\/07\/Property-Management.webp\" class=\"attachment-full size-full wp-image-2337\" alt=\"\" srcset=\"https:\/\/nyxhome.com\/tr\/wp-content\/uploads\/2025\/07\/Property-Management.webp 614w, https:\/\/nyxhome.com\/tr\/wp-content\/uploads\/2025\/07\/Property-Management-300x166.webp 300w\" sizes=\"(max-width: 614px) 100vw, 614px\" \/><\/div><\/a>\n\t\t\t\t<div class=\"elementor-post__text\">\n\t\t\t\t<div class=\"elementor-post__title\">\n\t\t\t<a href=\"https:\/\/nyxhome.com\/tr\/gayrimenkul-hizmetleri\/mulk-yonetimi-dubai\" >\n\t\t\t\tM\u00fclk Y\u00f6netimi\t\t\t<\/a>\n\t\t<\/div>\n\t\t\t\t<div class=\"elementor-post__excerpt\">\n\t\t\t<p>Bir m\u00fclk\u00fc y\u00f6netmek sadece kiray\u0131 tahsil etmek veya bozulan \u015feyleri tamir etmek de\u011fildir. Bu, zaman\u0131n\u0131z\u0131 koruyan, varl\u0131\u011f\u0131n\u0131z\u0131n de\u011ferini muhafaza eden\t\t<\/div>\n\t\t\t\t<\/div>\n\t\t\t\t\t<\/div>\n\t\t<\/article>\n\t\t\t\t<article class=\"elementor-post elementor-grid-item post-35 page type-page status-publish has-post-thumbnail hentry\" role=\"listitem\">\n\t\t\t<div class=\"elementor-post__card\">\n\t\t\t\t<a class=\"elementor-post__thumbnail__link\" href=\"https:\/\/nyxhome.com\/tr\/gayrimenkul-hizmetleri\/tatil-evleri-dubai\" tabindex=\"-1\" ><div class=\"elementor-post__thumbnail\"><img decoding=\"async\" width=\"614\" height=\"340\" src=\"https:\/\/nyxhome.com\/tr\/wp-content\/uploads\/2025\/07\/Holiday-Homes-2.webp\" class=\"attachment-full size-full wp-image-2325\" alt=\"\" srcset=\"https:\/\/nyxhome.com\/tr\/wp-content\/uploads\/2025\/07\/Holiday-Homes-2.webp 614w, https:\/\/nyxhome.com\/tr\/wp-content\/uploads\/2025\/07\/Holiday-Homes-2-300x166.webp 300w\" sizes=\"(max-width: 614px) 100vw, 614px\" \/><\/div><\/a>\n\t\t\t\t<div class=\"elementor-post__text\">\n\t\t\t\t<div class=\"elementor-post__title\">\n\t\t\t<a href=\"https:\/\/nyxhome.com\/tr\/gayrimenkul-hizmetleri\/tatil-evleri-dubai\" >\n\t\t\t\tTatil Evleri\t\t\t<\/a>\n\t\t<\/div>\n\t\t\t\t<div class=\"elementor-post__excerpt\">\n\t\t\t<p>K\u0131sa s\u00fcreli kiralamalar ola\u011fan\u00fcst\u00fc getiri sa\u011flayabilir, ancak ayn\u0131 zamanda de\u011fi\u015fken unsurlar da i\u00e7erir. Konuk devir h\u0131z\u0131ndan lisanslama, temizlik ve takvim\t\t<\/div>\n\t\t\t\t<\/div>\n\t\t\t\t\t<\/div>\n\t\t<\/article>\n\t\t\t\t<article class=\"elementor-post elementor-grid-item post-37 page type-page status-publish has-post-thumbnail hentry\" role=\"listitem\">\n\t\t\t<div class=\"elementor-post__card\">\n\t\t\t\t<a class=\"elementor-post__thumbnail__link\" href=\"https:\/\/nyxhome.com\/tr\/gayrimenkul-hizmetleri\/konsiyerj-hizmetleri-dubai\" tabindex=\"-1\" ><div class=\"elementor-post__thumbnail\"><img decoding=\"async\" width=\"614\" height=\"340\" src=\"https:\/\/nyxhome.com\/tr\/wp-content\/uploads\/2025\/07\/Concierge-Services.webp\" class=\"attachment-full size-full wp-image-2317\" alt=\"\" srcset=\"https:\/\/nyxhome.com\/tr\/wp-content\/uploads\/2025\/07\/Concierge-Services.webp 614w, https:\/\/nyxhome.com\/tr\/wp-content\/uploads\/2025\/07\/Concierge-Services-300x166.webp 300w\" sizes=\"(max-width: 614px) 100vw, 614px\" \/><\/div><\/a>\n\t\t\t\t<div class=\"elementor-post__text\">\n\t\t\t\t<div class=\"elementor-post__title\">\n\t\t\t<a href=\"https:\/\/nyxhome.com\/tr\/gayrimenkul-hizmetleri\/konsiyerj-hizmetleri-dubai\" >\n\t\t\t\tKonsiyerj Hizmetleri\t\t\t<\/a>\n\t\t<\/div>\n\t\t\t\t<div class=\"elementor-post__excerpt\">\n\t\t\t<p>Dubai&#8217;ye ta\u015f\u0131nmak \u2014 ya da sadece burada bir hayat kurmak \u2014 bir m\u00fclk bulmaktan daha fazlas\u0131n\u0131 gerektirir. \u0130\u015flemin d\u0131\u015f\u0131nda kalan,\t\t<\/div>\n\t\t\t\t<\/div>\n\t\t\t\t\t<\/div>\n\t\t<\/article>\n\t\t\t\t<article class=\"elementor-post elementor-grid-item post-39 page type-page status-publish has-post-thumbnail hentry\" role=\"listitem\">\n\t\t\t<div class=\"elementor-post__card\">\n\t\t\t\t<a class=\"elementor-post__thumbnail__link\" href=\"https:\/\/nyxhome.com\/tr\/gayrimenkul-hizmetleri\/360-hizmetler-dubai\" tabindex=\"-1\" ><div class=\"elementor-post__thumbnail\"><img loading=\"lazy\" decoding=\"async\" width=\"614\" height=\"340\" src=\"https:\/\/nyxhome.com\/tr\/wp-content\/uploads\/2025\/07\/pro-service-1.webp\" class=\"attachment-full size-full wp-image-2330\" alt=\"\" srcset=\"https:\/\/nyxhome.com\/tr\/wp-content\/uploads\/2025\/07\/pro-service-1.webp 614w, https:\/\/nyxhome.com\/tr\/wp-content\/uploads\/2025\/07\/pro-service-1-300x166.webp 300w\" sizes=\"(max-width: 614px) 100vw, 614px\" \/><\/div><\/a>\n\t\t\t\t<div class=\"elementor-post__text\">\n\t\t\t\t<div class=\"elementor-post__title\">\n\t\t\t<a href=\"https:\/\/nyxhome.com\/tr\/gayrimenkul-hizmetleri\/360-hizmetler-dubai\" >\n\t\t\t\t360\u00b0 Hizmetler\t\t\t<\/a>\n\t\t<\/div>\n\t\t\t\t<div class=\"elementor-post__excerpt\">\n\t\t\t<p>Yeni bir \u015fehirde evrak i\u015fleri, izinler ve onaylarla u\u011fra\u015fmak zaman al\u0131c\u0131 ve bazen de \u00e7ok zor olabilir. Ancak do\u011fru destekle\t\t<\/div>\n\t\t\t\t<\/div>\n\t\t\t\t\t<\/div>\n\t\t<\/article>\n\t\t\t\t<article class=\"elementor-post elementor-grid-item post-41 page type-page status-publish has-post-thumbnail hentry\" role=\"listitem\">\n\t\t\t<div class=\"elementor-post__card\">\n\t\t\t\t<a class=\"elementor-post__thumbnail__link\" href=\"https:\/\/nyxhome.com\/tr\/gayrimenkul-hizmetleri\/bakim-ve-ev-denetimi-dubai\" tabindex=\"-1\" ><div class=\"elementor-post__thumbnail\"><img loading=\"lazy\" decoding=\"async\" width=\"614\" height=\"340\" src=\"https:\/\/nyxhome.com\/tr\/wp-content\/uploads\/2025\/07\/Maintenance-Home-Inspection.webp\" class=\"attachment-full size-full wp-image-2341\" alt=\"\" srcset=\"https:\/\/nyxhome.com\/tr\/wp-content\/uploads\/2025\/07\/Maintenance-Home-Inspection.webp 614w, https:\/\/nyxhome.com\/tr\/wp-content\/uploads\/2025\/07\/Maintenance-Home-Inspection-300x166.webp 300w\" sizes=\"(max-width: 614px) 100vw, 614px\" \/><\/div><\/a>\n\t\t\t\t<div class=\"elementor-post__text\">\n\t\t\t\t<div class=\"elementor-post__title\">\n\t\t\t<a href=\"https:\/\/nyxhome.com\/tr\/gayrimenkul-hizmetleri\/bakim-ve-ev-denetimi-dubai\" >\n\t\t\t\tBak\u0131m ve Ev Denetimi\t\t\t<\/a>\n\t\t<\/div>\n\t\t\t\t<div class=\"elementor-post__excerpt\">\n\t\t\t<p>\u0130yi bak\u0131ml\u0131 bir m\u00fclk sadece de\u011ferini korumakla kalmaz, ayn\u0131 zamanda huzurunuzu da korur. \u0130ster dolu ister bo\u015f olsun, her m\u00fclk\t\t<\/div>\n\t\t\t\t<\/div>\n\t\t\t\t\t<\/div>\n\t\t<\/article>\n\t\t\t\t<article class=\"elementor-post elementor-grid-item post-43 page type-page status-publish has-post-thumbnail hentry\" role=\"listitem\">\n\t\t\t<div class=\"elementor-post__card\">\n\t\t\t\t<a class=\"elementor-post__thumbnail__link\" href=\"https:\/\/nyxhome.com\/tr\/gayrimenkul-hizmetleri\/ev-dekorasyonu-ve-tasarimi-dubai\" tabindex=\"-1\" ><div class=\"elementor-post__thumbnail\"><img loading=\"lazy\" decoding=\"async\" width=\"614\" height=\"340\" src=\"https:\/\/nyxhome.com\/tr\/wp-content\/uploads\/2025\/07\/Staging-Home-Design.webp\" class=\"attachment-full size-full wp-image-2339\" alt=\"\" srcset=\"https:\/\/nyxhome.com\/tr\/wp-content\/uploads\/2025\/07\/Staging-Home-Design.webp 614w, https:\/\/nyxhome.com\/tr\/wp-content\/uploads\/2025\/07\/Staging-Home-Design-300x166.webp 300w\" sizes=\"(max-width: 614px) 100vw, 614px\" \/><\/div><\/a>\n\t\t\t\t<div class=\"elementor-post__text\">\n\t\t\t\t<div class=\"elementor-post__title\">\n\t\t\t<a href=\"https:\/\/nyxhome.com\/tr\/gayrimenkul-hizmetleri\/ev-dekorasyonu-ve-tasarimi-dubai\" >\n\t\t\t\tEv Dekorasyonu ve Tasar\u0131m\u0131\t\t\t<\/a>\n\t\t<\/div>\n\t\t\t\t<div class=\"elementor-post__excerpt\">\n\t\t\t<p>Sunum \u00f6nemlidir \u2014 sadece g\u00f6r\u00fcnt\u00fcleme a\u00e7\u0131s\u0131ndan de\u011fil, de\u011fer a\u00e7\u0131s\u0131ndan da. Bir m\u00fclk\u00fc sat\u0131\u015fa haz\u0131rlarken, kiralamaya haz\u0131rlarken veya ki\u015fisel kullan\u0131m i\u00e7in\t\t<\/div>\n\t\t\t\t<\/div>\n\t\t\t\t\t<\/div>\n\t\t<\/article>\n\t\t\t\t<\/div>\n\t\t\n\t\t\t\t\t\t<\/div>\n\t\t\t\t<\/div>\n\t\t\t\t\t<\/div>\n\t\t\t\t<\/div>\n\t\t\t\t<\/div>\n\t\t","protected":false},"excerpt":{"rendered":"<p>Sat\u0131\u015f Sonras\u0131 S\u00fcren Destek \u00c7al\u0131\u015fmam\u0131z i\u015flemle sona ermez. Zaman\u0131n\u0131z, ya\u015fam tarz\u0131n\u0131z ve yat\u0131r\u0131m\u0131n\u0131z do\u011frultusunda tasarlanm\u0131\u015f, d\u00fc\u015f\u00fcnceli ve rahats\u0131z edici olmayan destekle devam eder.<\/p>\n","protected":false},"author":1,"featured_media":0,"parent":0,"menu_order":0,"comment_status":"closed","ping_status":"closed","template":"","meta":{"footnotes":""},"class_list":["post-31","page","type-page","status-publish","hentry"],"yoast_head":"<!-- This site is optimized with the Yoast SEO plugin v27.4 - https:\/\/yoast.com\/product\/yoast-seo-wordpress\/ -->\n<title>Gayrimenkul Hizmetleri | NYX Home Gayrimenkul Dubai<\/title>\n<meta name=\"description\" content=\"Sat\u0131\u015f Sonras\u0131 S\u00fcren Destek \u00c7al\u0131\u015fmam\u0131z i\u015flemle sona ermez. Zaman\u0131n\u0131z, ya\u015fam tarz\u0131n\u0131z ve yat\u0131r\u0131m\u0131n\u0131z do\u011frultusunda tasarlanm\u0131\u015f, d\u00fc\u015f\u00fcnceli ve rahats\u0131z edici\" \/>\n<meta name=\"robots\" content=\"index, follow, max-snippet:-1, max-image-preview:large, max-video-preview:-1\" \/>\n<link rel=\"canonical\" href=\"https:\/\/nyxhome.com\/tr\/gayrimenkul-hizmetleri\" \/>\n<meta property=\"og:locale\" content=\"tr_TR\" \/>\n<meta property=\"og:type\" content=\"article\" \/>\n<meta property=\"og:title\" content=\"Gayrimenkul Hizmetleri | NYX Home Gayrimenkul Dubai\" \/>\n<meta property=\"og:description\" content=\"Sat\u0131\u015f Sonras\u0131 S\u00fcren Destek \u00c7al\u0131\u015fmam\u0131z i\u015flemle sona ermez. Zaman\u0131n\u0131z, ya\u015fam tarz\u0131n\u0131z ve yat\u0131r\u0131m\u0131n\u0131z do\u011frultusunda tasarlanm\u0131\u015f, d\u00fc\u015f\u00fcnceli ve rahats\u0131z edici\" \/>\n<meta property=\"og:url\" content=\"https:\/\/nyxhome.com\/tr\/gayrimenkul-hizmetleri\" \/>\n<meta property=\"og:site_name\" content=\"NYX Home Gayrimenkul Dubai\" \/>\n<meta property=\"article:modified_time\" content=\"2025-12-07T20:11:58+00:00\" \/>\n<meta name=\"twitter:card\" content=\"summary_large_image\" \/>\n<script type=\"application\/ld+json\" class=\"yoast-schema-graph\">{\"@context\":\"https:\\\/\\\/schema.org\",\"@graph\":[{\"@type\":\"WebPage\",\"@id\":\"https:\\\/\\\/nyxhome.com\\\/tr\\\/gayrimenkul-hizmetleri\",\"url\":\"https:\\\/\\\/nyxhome.com\\\/tr\\\/gayrimenkul-hizmetleri\",\"name\":\"Gayrimenkul Hizmetleri | NYX Home Gayrimenkul Dubai\",\"isPartOf\":{\"@id\":\"https:\\\/\\\/nyxhome.com\\\/tr\\\/#website\"},\"datePublished\":\"2025-06-30T11:22:30+00:00\",\"dateModified\":\"2025-12-07T20:11:58+00:00\",\"description\":\"Sat\u0131\u015f Sonras\u0131 S\u00fcren Destek \u00c7al\u0131\u015fmam\u0131z i\u015flemle sona ermez. Zaman\u0131n\u0131z, ya\u015fam tarz\u0131n\u0131z ve yat\u0131r\u0131m\u0131n\u0131z do\u011frultusunda tasarlanm\u0131\u015f, d\u00fc\u015f\u00fcnceli ve rahats\u0131z edici\",\"breadcrumb\":{\"@id\":\"https:\\\/\\\/nyxhome.com\\\/tr\\\/gayrimenkul-hizmetleri#breadcrumb\"},\"inLanguage\":\"tr\",\"potentialAction\":[{\"@type\":\"ReadAction\",\"target\":[\"https:\\\/\\\/nyxhome.com\\\/tr\\\/gayrimenkul-hizmetleri\"]}]},{\"@type\":\"BreadcrumbList\",\"@id\":\"https:\\\/\\\/nyxhome.com\\\/tr\\\/gayrimenkul-hizmetleri#breadcrumb\",\"itemListElement\":[{\"@type\":\"ListItem\",\"position\":1,\"name\":\"Anasayfa\",\"item\":\"https:\\\/\\\/nyxhome.com\\\/tr\\\/\"},{\"@type\":\"ListItem\",\"position\":2,\"name\":\"Gayrimenkul Hizmetleri\"}]},{\"@type\":\"WebSite\",\"@id\":\"https:\\\/\\\/nyxhome.com\\\/tr\\\/#website\",\"url\":\"https:\\\/\\\/nyxhome.com\\\/tr\\\/\",\"name\":\"NYX Home Gayrimenkul Dubai\",\"description\":\"\",\"publisher\":{\"@id\":\"https:\\\/\\\/nyxhome.com\\\/tr\\\/#organization\"},\"potentialAction\":[{\"@type\":\"SearchAction\",\"target\":{\"@type\":\"EntryPoint\",\"urlTemplate\":\"https:\\\/\\\/nyxhome.com\\\/tr\\\/?s={search_term_string}\"},\"query-input\":{\"@type\":\"PropertyValueSpecification\",\"valueRequired\":true,\"valueName\":\"search_term_string\"}}],\"inLanguage\":\"tr\"},{\"@type\":\"Organization\",\"@id\":\"https:\\\/\\\/nyxhome.com\\\/tr\\\/#organization\",\"name\":\"NYX Home Gayrimenkul Dubai\",\"url\":\"https:\\\/\\\/nyxhome.com\\\/tr\\\/\",\"logo\":{\"@type\":\"ImageObject\",\"inLanguage\":\"tr\",\"@id\":\"https:\\\/\\\/nyxhome.com\\\/tr\\\/#\\\/schema\\\/logo\\\/image\\\/\",\"url\":\"https:\\\/\\\/nyxhome.com\\\/tr\\\/wp-content\\\/uploads\\\/2025\\\/06\\\/nyx-logo-1.webp\",\"contentUrl\":\"https:\\\/\\\/nyxhome.com\\\/tr\\\/wp-content\\\/uploads\\\/2025\\\/06\\\/nyx-logo-1.webp\",\"width\":884,\"height\":428,\"caption\":\"NYX Home Gayrimenkul Dubai\"},\"image\":{\"@id\":\"https:\\\/\\\/nyxhome.com\\\/tr\\\/#\\\/schema\\\/logo\\\/image\\\/\"}}]}<\/script>\n<!-- \/ Yoast SEO plugin. -->","yoast_head_json":{"title":"Gayrimenkul Hizmetleri | NYX Home Gayrimenkul Dubai","description":"Sat\u0131\u015f Sonras\u0131 S\u00fcren Destek \u00c7al\u0131\u015fmam\u0131z i\u015flemle sona ermez. Zaman\u0131n\u0131z, ya\u015fam tarz\u0131n\u0131z ve yat\u0131r\u0131m\u0131n\u0131z do\u011frultusunda tasarlanm\u0131\u015f, d\u00fc\u015f\u00fcnceli ve rahats\u0131z edici","robots":{"index":"index","follow":"follow","max-snippet":"max-snippet:-1","max-image-preview":"max-image-preview:large","max-video-preview":"max-video-preview:-1"},"canonical":"https:\/\/nyxhome.com\/tr\/gayrimenkul-hizmetleri","og_locale":"tr_TR","og_type":"article","og_title":"Gayrimenkul Hizmetleri | NYX Home Gayrimenkul Dubai","og_description":"Sat\u0131\u015f Sonras\u0131 S\u00fcren Destek \u00c7al\u0131\u015fmam\u0131z i\u015flemle sona ermez. Zaman\u0131n\u0131z, ya\u015fam tarz\u0131n\u0131z ve yat\u0131r\u0131m\u0131n\u0131z do\u011frultusunda tasarlanm\u0131\u015f, d\u00fc\u015f\u00fcnceli ve rahats\u0131z edici","og_url":"https:\/\/nyxhome.com\/tr\/gayrimenkul-hizmetleri","og_site_name":"NYX Home Gayrimenkul Dubai","article_modified_time":"2025-12-07T20:11:58+00:00","twitter_card":"summary_large_image","schema":{"@context":"https:\/\/schema.org","@graph":[{"@type":"WebPage","@id":"https:\/\/nyxhome.com\/tr\/gayrimenkul-hizmetleri","url":"https:\/\/nyxhome.com\/tr\/gayrimenkul-hizmetleri","name":"Gayrimenkul Hizmetleri | NYX Home Gayrimenkul Dubai","isPartOf":{"@id":"https:\/\/nyxhome.com\/tr\/#website"},"datePublished":"2025-06-30T11:22:30+00:00","dateModified":"2025-12-07T20:11:58+00:00","description":"Sat\u0131\u015f Sonras\u0131 S\u00fcren Destek \u00c7al\u0131\u015fmam\u0131z i\u015flemle sona ermez. Zaman\u0131n\u0131z, ya\u015fam tarz\u0131n\u0131z ve yat\u0131r\u0131m\u0131n\u0131z do\u011frultusunda tasarlanm\u0131\u015f, d\u00fc\u015f\u00fcnceli ve rahats\u0131z edici","breadcrumb":{"@id":"https:\/\/nyxhome.com\/tr\/gayrimenkul-hizmetleri#breadcrumb"},"inLanguage":"tr","potentialAction":[{"@type":"ReadAction","target":["https:\/\/nyxhome.com\/tr\/gayrimenkul-hizmetleri"]}]},{"@type":"BreadcrumbList","@id":"https:\/\/nyxhome.com\/tr\/gayrimenkul-hizmetleri#breadcrumb","itemListElement":[{"@type":"ListItem","position":1,"name":"Anasayfa","item":"https:\/\/nyxhome.com\/tr\/"},{"@type":"ListItem","position":2,"name":"Gayrimenkul Hizmetleri"}]},{"@type":"WebSite","@id":"https:\/\/nyxhome.com\/tr\/#website","url":"https:\/\/nyxhome.com\/tr\/","name":"NYX Home Gayrimenkul Dubai","description":"","publisher":{"@id":"https:\/\/nyxhome.com\/tr\/#organization"},"potentialAction":[{"@type":"SearchAction","target":{"@type":"EntryPoint","urlTemplate":"https:\/\/nyxhome.com\/tr\/?s={search_term_string}"},"query-input":{"@type":"PropertyValueSpecification","valueRequired":true,"valueName":"search_term_string"}}],"inLanguage":"tr"},{"@type":"Organization","@id":"https:\/\/nyxhome.com\/tr\/#organization","name":"NYX Home Gayrimenkul Dubai","url":"https:\/\/nyxhome.com\/tr\/","logo":{"@type":"ImageObject","inLanguage":"tr","@id":"https:\/\/nyxhome.com\/tr\/#\/schema\/logo\/image\/","url":"https:\/\/nyxhome.com\/tr\/wp-content\/uploads\/2025\/06\/nyx-logo-1.webp","contentUrl":"https:\/\/nyxhome.com\/tr\/wp-content\/uploads\/2025\/06\/nyx-logo-1.webp","width":884,"height":428,"caption":"NYX Home Gayrimenkul Dubai"},"image":{"@id":"https:\/\/nyxhome.com\/tr\/#\/schema\/logo\/image\/"}}]}},"_links":{"self":[{"href":"https:\/\/nyxhome.com\/tr\/wp-json\/wp\/v2\/pages\/31","targetHints":{"allow":["GET"]}}],"collection":[{"href":"https:\/\/nyxhome.com\/tr\/wp-json\/wp\/v2\/pages"}],"about":[{"href":"https:\/\/nyxhome.com\/tr\/wp-json\/wp\/v2\/types\/page"}],"author":[{"embeddable":true,"href":"https:\/\/nyxhome.com\/tr\/wp-json\/wp\/v2\/users\/1"}],"replies":[{"embeddable":true,"href":"https:\/\/nyxhome.com\/tr\/wp-json\/wp\/v2\/comments?post=31"}],"version-history":[{"count":7,"href":"https:\/\/nyxhome.com\/tr\/wp-json\/wp\/v2\/pages\/31\/revisions"}],"predecessor-version":[{"id":4189,"href":"https:\/\/nyxhome.com\/tr\/wp-json\/wp\/v2\/pages\/31\/revisions\/4189"}],"wp:attachment":[{"href":"https:\/\/nyxhome.com\/tr\/wp-json\/wp\/v2\/media?parent=31"}],"curies":[{"name":"wp","href":"https:\/\/api.w.org\/{rel}","templated":true}]}}